{"id":33009,"date":"2025-09-24T15:25:13","date_gmt":"2025-09-24T20:25:13","guid":{"rendered":"https:\/\/radianceplasticsurgery.co\/hairestoration\/?page_id=33009"},"modified":"2026-02-18T10:41:53","modified_gmt":"2026-02-18T15:41:53","slug":"dr-edward-celinz","status":"publish","type":"page","link":"https:\/\/radianceplasticsurgery.co\/hairestoration\/en\/dr-edward-celinz\/","title":{"rendered":"Dr. Edward Celinz"},"content":{"rendered":"<div data-elementor-type=\"wp-page\" data-elementor-id=\"33009\" class=\"elementor elementor-33009\">\n\t\t\t\t<div class=\"elementor-element elementor-element-2591425 e-flex e-con-boxed cmsmasters-block-default e-con e-parent\" data-id=\"2591425\" data-element_type=\"container\">\n\t\t\t\t\t<div class=\"e-con-inner\">\n\t\t<div class=\"elementor-element elementor-element-526a9de e-con-full e-flex cmsmasters-block-default e-con e-child\" data-id=\"526a9de\" data-element_type=\"container\">\n\t\t\t\t<div class=\"elementor-element elementor-element-284db3a elementor-widget__width-initial cmsmasters-block-default cmsmasters-sticky-default elementor-widget elementor-widget-heading\" data-id=\"284db3a\" data-element_type=\"widget\" data-widget_type=\"heading.default\">\n\t\t\t\t\t<h2 class=\"elementor-heading-title elementor-size-default\">About me<\/h2>\t\t\t\t<\/div>\n\t\t\t\t<div class=\"elementor-element elementor-element-ecab212 cmsmasters-block-default cmsmasters-sticky-default elementor-widget elementor-widget-text-editor\" data-id=\"ecab212\" data-element_type=\"widget\" data-widget_type=\"text-editor.default\">\n\t\t\t\t\t\t\t\t\t<p>I am Edward Orlando Celinz Carre\u00f1o, a surgeon with over 9 years of experience in medicine and over 3 years dedicated exclusively to the care of hair and scalp conditions. My mission is to help you recover not only your hair, but also your confidence, security, and the way you look and feel in the world.<\/p><p>I have accompanied hundreds of people on this journey, with more than 300 successful hair transplants that stand out for their natural and harmonious results. My goal is never to create artificial &quot;perfection,&quot; but rather to ensure that each patient looks better, renewed, with a younger and healthier appearance, always highlighting their own essence. Each treatment is designed with dedication and empathy, so that you feel safe and in the best hands.<\/p><p><em><strong>Academic Training<\/strong><\/em><\/p><ul><li>Physician and Surgeon \u2013 Industrial University of Santander (UIS).<\/li><li>Specialization in Health Management \u2013 University Foundation of Health Sciences (FUCS).<\/li><li>Master in Trichology and Hair Micrografting \u2013 UDIMA University, Spain.<\/li><li>Diploma in Advanced Dermatology \u2013 Revive Comprehensive Medical Training.<\/li><\/ul><p><em><strong>Languages<\/strong><\/em><\/p><ul><li>Spanish (native).<\/li><li>English (basic\u2013intermediate level), with interpreter support for international patients.<\/li><\/ul><p><em><strong>You are in the best hands<\/strong><\/em><br \/>At HRI Clinic, every detail is tailored to your needs: from an accurate diagnosis to choosing the most appropriate treatment, whether a hair transplant or advanced therapies for hair health. Not all patients require surgery, which is why we offer an honest, ethical, and 100% personalized approach.<br \/>Our commitment is to always provide you with the best: cutting-edge technology, high-quality medical protocols, and a highly qualified team that supports me in this endeavor. Here you will find a safe, professional, and friendly space where your transformation will be carefully curated from start to finish.<\/p>\t\t\t\t\t\t\t\t<\/div>\n\t\t\t\t<\/div>\n\t\t<div class=\"elementor-element elementor-element-0acd4ce e-con-full e-flex cmsmasters-bg-hide-none cmsmasters-bg-hide-none cmsmasters-block-default e-con e-child\" data-id=\"0acd4ce\" data-element_type=\"container\" data-settings=\"{&quot;background_background&quot;:&quot;classic&quot;}\">\n\t\t\t\t<\/div>\n\t\t\t\t\t<\/div>\n\t\t\t\t<\/div>\n\t\t\t\t<\/div>","protected":false},"excerpt":{"rendered":"<p>Sobre m\u00ed Soy Edward Orlando Celinz Carre\u00f1o, m\u00e9dico cirujano con m\u00e1s de 10 a\u00f1os de experiencia en medicina y m\u00e1s de 3 a\u00f1os dedicado exclusivamente al cuidado de patolog\u00edas del cabello y cuero cabelludo. Mi misi\u00f3n es ayudarte a recuperar no solo tu cabello, sino tambi\u00e9n tu confianza, seguridad y la manera en la que&#8230;<\/p>","protected":false},"author":1,"featured_media":0,"parent":0,"menu_order":0,"comment_status":"closed","ping_status":"closed","template":"","meta":{"_acf_changed":false,"footnotes":""},"class_list":["post-33009","page","type-page","status-publish","hentry"],"acf":[],"yoast_head":"<!-- This site is optimized with the Yoast SEO plugin v26.3 - https:\/\/yoast.com\/wordpress\/plugins\/seo\/ -->\n<title>Dr. Edward Celinz - Hair Restoration Institute<\/title>\n<meta name=\"robots\" content=\"index, follow, max-snippet:-1, max-image-preview:large, max-video-preview:-1\" \/>\n<link rel=\"canonical\" href=\"https:\/\/radianceplasticsurgery.co\/hairestoration\/en\/dr-edward-celinz\/\" \/>\n<meta property=\"og:locale\" content=\"en_US\" \/>\n<meta property=\"og:type\" content=\"article\" \/>\n<meta property=\"og:title\" content=\"Dr. Edward Celinz - Hair Restoration Institute\" \/>\n<meta property=\"og:description\" content=\"Sobre m\u00ed Soy Edward Orlando Celinz Carre\u00f1o, m\u00e9dico cirujano con m\u00e1s de 10 a\u00f1os de experiencia en medicina y m\u00e1s de 3 a\u00f1os dedicado exclusivamente al cuidado de patolog\u00edas del cabello y cuero cabelludo. Mi misi\u00f3n es ayudarte a recuperar no solo tu cabello, sino tambi\u00e9n tu confianza, seguridad y la manera en la que...\" \/>\n<meta property=\"og:url\" content=\"https:\/\/radianceplasticsurgery.co\/hairestoration\/en\/dr-edward-celinz\/\" \/>\n<meta property=\"og:site_name\" content=\"Hair Restoration Institute\" \/>\n<meta property=\"article:publisher\" content=\"https:\/\/www.facebook.com\/HRI.Colombia\" \/>\n<meta property=\"article:modified_time\" content=\"2026-02-18T15:41:53+00:00\" \/>\n<meta property=\"og:image\" content=\"https:\/\/radianceplasticsurgery.co\/hairestoration\/wp-content\/uploads\/2025\/08\/Logo_Hri.webp\" \/>\n\t<meta property=\"og:image:width\" content=\"850\" \/>\n\t<meta property=\"og:image:height\" content=\"900\" \/>\n\t<meta property=\"og:image:type\" content=\"image\/webp\" \/>\n<meta name=\"twitter:card\" content=\"summary_large_image\" \/>\n<meta name=\"twitter:label1\" content=\"Est. reading time\" \/>\n\t<meta name=\"twitter:data1\" content=\"2 minutes\" \/>\n<script type=\"application\/ld+json\" class=\"yoast-schema-graph\">{\"@context\":\"https:\/\/schema.org\",\"@graph\":[{\"@type\":\"WebPage\",\"@id\":\"https:\/\/radianceplasticsurgery.co\/hairestoration\/dr-edward-celinz\/\",\"url\":\"https:\/\/radianceplasticsurgery.co\/hairestoration\/dr-edward-celinz\/\",\"name\":\"Dr. Edward Celinz - Hair Restoration Institute\",\"isPartOf\":{\"@id\":\"https:\/\/radianceplasticsurgery.co\/hairestoration\/#website\"},\"datePublished\":\"2025-09-24T20:25:13+00:00\",\"dateModified\":\"2026-02-18T15:41:53+00:00\",\"breadcrumb\":{\"@id\":\"https:\/\/radianceplasticsurgery.co\/hairestoration\/dr-edward-celinz\/#breadcrumb\"},\"inLanguage\":\"en-US\",\"potentialAction\":[{\"@type\":\"ReadAction\",\"target\":[\"https:\/\/radianceplasticsurgery.co\/hairestoration\/dr-edward-celinz\/\"]}]},{\"@type\":\"BreadcrumbList\",\"@id\":\"https:\/\/radianceplasticsurgery.co\/hairestoration\/dr-edward-celinz\/#breadcrumb\",\"itemListElement\":[{\"@type\":\"ListItem\",\"position\":1,\"name\":\"Inicio\",\"item\":\"https:\/\/radianceplasticsurgery.co\/hairestoration\/\"},{\"@type\":\"ListItem\",\"position\":2,\"name\":\"Dr. Edward Celinz\"}]},{\"@type\":\"WebSite\",\"@id\":\"https:\/\/radianceplasticsurgery.co\/hairestoration\/#website\",\"url\":\"https:\/\/radianceplasticsurgery.co\/hairestoration\/\",\"name\":\"Hair Restoration Institute\",\"description\":\"\",\"publisher\":{\"@id\":\"https:\/\/radianceplasticsurgery.co\/hairestoration\/#organization\"},\"alternateName\":\"HRI\",\"potentialAction\":[{\"@type\":\"SearchAction\",\"target\":{\"@type\":\"EntryPoint\",\"urlTemplate\":\"https:\/\/radianceplasticsurgery.co\/hairestoration\/?s={search_term_string}\"},\"query-input\":{\"@type\":\"PropertyValueSpecification\",\"valueRequired\":true,\"valueName\":\"search_term_string\"}}],\"inLanguage\":\"en-US\"},{\"@type\":\"Organization\",\"@id\":\"https:\/\/radianceplasticsurgery.co\/hairestoration\/#organization\",\"name\":\"Hair Restoration Institute\",\"url\":\"https:\/\/radianceplasticsurgery.co\/hairestoration\/\",\"logo\":{\"@type\":\"ImageObject\",\"inLanguage\":\"en-US\",\"@id\":\"https:\/\/radianceplasticsurgery.co\/hairestoration\/#\/schema\/logo\/image\/\",\"url\":\"https:\/\/radianceplasticsurgery.co\/hairestoration\/wp-content\/uploads\/2025\/08\/Logo_Hri.webp\",\"contentUrl\":\"https:\/\/radianceplasticsurgery.co\/hairestoration\/wp-content\/uploads\/2025\/08\/Logo_Hri.webp\",\"width\":850,\"height\":900,\"caption\":\"Hair Restoration Institute\"},\"image\":{\"@id\":\"https:\/\/radianceplasticsurgery.co\/hairestoration\/#\/schema\/logo\/image\/\"},\"sameAs\":[\"https:\/\/www.facebook.com\/HRI.Colombia\",\"https:\/\/www.instagram.com\/hairrestorationinstitutecol\/\"]}]}<\/script>\n<!-- \/ Yoast SEO plugin. -->","yoast_head_json":{"title":"Dr. Edward Celinz - Hair Restoration Institute","robots":{"index":"index","follow":"follow","max-snippet":"max-snippet:-1","max-image-preview":"max-image-preview:large","max-video-preview":"max-video-preview:-1"},"canonical":"https:\/\/radianceplasticsurgery.co\/hairestoration\/en\/dr-edward-celinz\/","og_locale":"en_US","og_type":"article","og_title":"Dr. Edward Celinz - Hair Restoration Institute","og_description":"Sobre m\u00ed Soy Edward Orlando Celinz Carre\u00f1o, m\u00e9dico cirujano con m\u00e1s de 10 a\u00f1os de experiencia en medicina y m\u00e1s de 3 a\u00f1os dedicado exclusivamente al cuidado de patolog\u00edas del cabello y cuero cabelludo. Mi misi\u00f3n es ayudarte a recuperar no solo tu cabello, sino tambi\u00e9n tu confianza, seguridad y la manera en la que...","og_url":"https:\/\/radianceplasticsurgery.co\/hairestoration\/en\/dr-edward-celinz\/","og_site_name":"Hair Restoration Institute","article_publisher":"https:\/\/www.facebook.com\/HRI.Colombia","article_modified_time":"2026-02-18T15:41:53+00:00","og_image":[{"width":850,"height":900,"url":"https:\/\/radianceplasticsurgery.co\/hairestoration\/wp-content\/uploads\/2025\/08\/Logo_Hri.webp","type":"image\/webp"}],"twitter_card":"summary_large_image","twitter_misc":{"Est. reading time":"2 minutes"},"schema":{"@context":"https:\/\/schema.org","@graph":[{"@type":"WebPage","@id":"https:\/\/radianceplasticsurgery.co\/hairestoration\/dr-edward-celinz\/","url":"https:\/\/radianceplasticsurgery.co\/hairestoration\/dr-edward-celinz\/","name":"Dr. Edward Celinz - Hair Restoration Institute","isPartOf":{"@id":"https:\/\/radianceplasticsurgery.co\/hairestoration\/#website"},"datePublished":"2025-09-24T20:25:13+00:00","dateModified":"2026-02-18T15:41:53+00:00","breadcrumb":{"@id":"https:\/\/radianceplasticsurgery.co\/hairestoration\/dr-edward-celinz\/#breadcrumb"},"inLanguage":"en-US","potentialAction":[{"@type":"ReadAction","target":["https:\/\/radianceplasticsurgery.co\/hairestoration\/dr-edward-celinz\/"]}]},{"@type":"BreadcrumbList","@id":"https:\/\/radianceplasticsurgery.co\/hairestoration\/dr-edward-celinz\/#breadcrumb","itemListElement":[{"@type":"ListItem","position":1,"name":"Inicio","item":"https:\/\/radianceplasticsurgery.co\/hairestoration\/"},{"@type":"ListItem","position":2,"name":"Dr. Edward Celinz"}]},{"@type":"WebSite","@id":"https:\/\/radianceplasticsurgery.co\/hairestoration\/#website","url":"https:\/\/radianceplasticsurgery.co\/hairestoration\/","name":"Hair Restoration Institute","description":"","publisher":{"@id":"https:\/\/radianceplasticsurgery.co\/hairestoration\/#organization"},"alternateName":"HRI","potentialAction":[{"@type":"SearchAction","target":{"@type":"EntryPoint","urlTemplate":"https:\/\/radianceplasticsurgery.co\/hairestoration\/?s={search_term_string}"},"query-input":{"@type":"PropertyValueSpecification","valueRequired":true,"valueName":"search_term_string"}}],"inLanguage":"en-US"},{"@type":"Organization","@id":"https:\/\/radianceplasticsurgery.co\/hairestoration\/#organization","name":"Hair Restoration Institute","url":"https:\/\/radianceplasticsurgery.co\/hairestoration\/","logo":{"@type":"ImageObject","inLanguage":"en-US","@id":"https:\/\/radianceplasticsurgery.co\/hairestoration\/#\/schema\/logo\/image\/","url":"https:\/\/radianceplasticsurgery.co\/hairestoration\/wp-content\/uploads\/2025\/08\/Logo_Hri.webp","contentUrl":"https:\/\/radianceplasticsurgery.co\/hairestoration\/wp-content\/uploads\/2025\/08\/Logo_Hri.webp","width":850,"height":900,"caption":"Hair Restoration Institute"},"image":{"@id":"https:\/\/radianceplasticsurgery.co\/hairestoration\/#\/schema\/logo\/image\/"},"sameAs":["https:\/\/www.facebook.com\/HRI.Colombia","https:\/\/www.instagram.com\/hairrestorationinstitutecol\/"]}]}},"_links":{"self":[{"href":"https:\/\/radianceplasticsurgery.co\/hairestoration\/en\/wp-json\/wp\/v2\/pages\/33009","targetHints":{"allow":["GET"]}}],"collection":[{"href":"https:\/\/radianceplasticsurgery.co\/hairestoration\/en\/wp-json\/wp\/v2\/pages"}],"about":[{"href":"https:\/\/radianceplasticsurgery.co\/hairestoration\/en\/wp-json\/wp\/v2\/types\/page"}],"author":[{"embeddable":true,"href":"https:\/\/radianceplasticsurgery.co\/hairestoration\/en\/wp-json\/wp\/v2\/users\/1"}],"replies":[{"embeddable":true,"href":"https:\/\/radianceplasticsurgery.co\/hairestoration\/en\/wp-json\/wp\/v2\/comments?post=33009"}],"version-history":[{"count":8,"href":"https:\/\/radianceplasticsurgery.co\/hairestoration\/en\/wp-json\/wp\/v2\/pages\/33009\/revisions"}],"predecessor-version":[{"id":33217,"href":"https:\/\/radianceplasticsurgery.co\/hairestoration\/en\/wp-json\/wp\/v2\/pages\/33009\/revisions\/33217"}],"wp:attachment":[{"href":"https:\/\/radianceplasticsurgery.co\/hairestoration\/en\/wp-json\/wp\/v2\/media?parent=33009"}],"curies":[{"name":"wp","href":"https:\/\/api.w.org\/{rel}","templated":true}]}}