{"id":8718,"date":"2022-09-06T10:57:16","date_gmt":"2022-09-06T10:57:16","guid":{"rendered":"http:\/\/www.nicdarkthemes.com\/lab\/?page_id=8718"},"modified":"2026-03-05T10:50:10","modified_gmt":"2026-03-05T15:50:10","slug":"nosotros","status":"publish","type":"page","link":"https:\/\/radianceplasticsurgery.co\/en\/about-pages\/nosotros\/","title":{"rendered":"Us"},"content":{"rendered":"<div data-elementor-type=\"wp-page\" data-elementor-id=\"8718\" class=\"elementor elementor-8718\" data-elementor-post-type=\"page\">\n\t\t\t\t\t\t<section class=\"elementor-section elementor-top-section elementor-element elementor-element-6c278948 elementor-section-stretched elementor-section-content-middle elementor-section-boxed elementor-section-height-default elementor-section-height-default\" data-id=\"6c278948\" data-element_type=\"section\" data-settings=\"{&quot;stretch_section&quot;:&quot;section-stretched&quot;,&quot;background_background&quot;:&quot;classic&quot;}\">\n\t\t\t\t\t\t\t<div class=\"elementor-background-overlay\"><\/div>\n\t\t\t\t\t\t\t<div class=\"elementor-container elementor-column-gap-default\">\n\t\t\t\t\t<div class=\"elementor-column elementor-col-100 elementor-top-column elementor-element elementor-element-4c3e2c62\" data-id=\"4c3e2c62\" data-element_type=\"column\">\n\t\t\t<div class=\"elementor-widget-wrap elementor-element-populated\">\n\t\t\t\t\t\t<div class=\"elementor-element elementor-element-662aa168 elementor-widget elementor-widget-heading\" data-id=\"662aa168\" data-element_type=\"widget\" data-widget_type=\"heading.default\">\n\t\t\t\t<div class=\"elementor-widget-container\">\n\t\t\t\t\t<h1 class=\"elementor-heading-title elementor-size-default\">Us<\/h1>\t\t\t\t<\/div>\n\t\t\t\t<\/div>\n\t\t\t\t\t<\/div>\n\t\t<\/div>\n\t\t\t\t\t<\/div>\n\t\t<\/section>\n\t\t\t\t<section class=\"elementor-section elementor-top-section elementor-element elementor-element-43a50125 elementor-section-stretched elementor-section-content-middle elementor-section-boxed elementor-section-height-default elementor-section-height-default\" data-id=\"43a50125\" data-element_type=\"section\" data-settings=\"{&quot;stretch_section&quot;:&quot;section-stretched&quot;}\">\n\t\t\t\t\t\t<div class=\"elementor-container elementor-column-gap-default\">\n\t\t\t\t\t<div class=\"elementor-column elementor-col-50 elementor-top-column elementor-element elementor-element-599c6906\" data-id=\"599c6906\" data-element_type=\"column\" data-settings=\"{&quot;background_background&quot;:&quot;classic&quot;}\">\n\t\t\t<div class=\"elementor-widget-wrap elementor-element-populated\">\n\t\t\t\t\t\t<div class=\"elementor-element elementor-element-1d52bab6 elementor-widget elementor-widget-spacer\" data-id=\"1d52bab6\" data-element_type=\"widget\" data-widget_type=\"spacer.default\">\n\t\t\t\t<div class=\"elementor-widget-container\">\n\t\t\t\t\t\t\t<div class=\"elementor-spacer\">\n\t\t\t<div class=\"elementor-spacer-inner\"><\/div>\n\t\t<\/div>\n\t\t\t\t\t\t<\/div>\n\t\t\t\t<\/div>\n\t\t\t\t\t<\/div>\n\t\t<\/div>\n\t\t\t\t<div class=\"elementor-column elementor-col-50 elementor-top-column elementor-element elementor-element-1e1ea649\" data-id=\"1e1ea649\" data-element_type=\"column\">\n\t\t\t<div class=\"elementor-widget-wrap elementor-element-populated\">\n\t\t\t\t\t\t<div class=\"elementor-element elementor-element-5c211995 elementor-widget elementor-widget-heading\" data-id=\"5c211995\" data-element_type=\"widget\" data-widget_type=\"heading.default\">\n\t\t\t\t<div class=\"elementor-widget-container\">\n\t\t\t\t\t<h2 class=\"elementor-heading-title elementor-size-default\">Radiance Plastic Surgery<\/h2>\t\t\t\t<\/div>\n\t\t\t\t<\/div>\n\t\t\t\t<div class=\"elementor-element elementor-element-515f011a elementor-widget elementor-widget-heading\" data-id=\"515f011a\" data-element_type=\"widget\" data-widget_type=\"heading.default\">\n\t\t\t\t<div class=\"elementor-widget-container\">\n\t\t\t\t\t<p class=\"elementor-heading-title elementor-size-default\">We combine cutting-edge technology with certified spaces to offer you safe procedures and natural results. Our commitment to excellence is reflected in every detail, from the medical team to the facilities designed for your well-being.<\/p>\t\t\t\t<\/div>\n\t\t\t\t<\/div>\n\t\t\t\t<section class=\"elementor-section elementor-inner-section elementor-element elementor-element-778f2802 elementor-section-boxed elementor-section-height-default elementor-section-height-default\" data-id=\"778f2802\" data-element_type=\"section\">\n\t\t\t\t\t\t<div class=\"elementor-container elementor-column-gap-default\">\n\t\t\t\t\t<div class=\"elementor-column elementor-col-100 elementor-inner-column elementor-element elementor-element-391cac81\" data-id=\"391cac81\" data-element_type=\"column\">\n\t\t\t<div class=\"elementor-widget-wrap elementor-element-populated\">\n\t\t\t\t\t\t<div class=\"elementor-element elementor-element-deb0688 elementor-widget elementor-widget-text-editor\" data-id=\"deb0688\" data-element_type=\"widget\" data-widget_type=\"text-editor.default\">\n\t\t\t\t<div class=\"elementor-widget-container\">\n\t\t\t\t\t\t\t\t\t<p><strong>Advanced Technology:<\/strong><br \/>We use the latest in medical and aesthetic equipment, such as\u00a0<strong>HydraFacial, Morpheus 8, FaceTite, BodyTite, Lumecca (IPL), radiofrequency, diode laser for permanent hair removal, CO2 laser<\/strong>, in addition to complementary therapies such as\u00a0<strong>postoperative massages<\/strong>\u00a0and\u00a0<strong>platelet-rich plasma<\/strong>.<\/p>\t\t\t\t\t\t\t\t<\/div>\n\t\t\t\t<\/div>\n\t\t\t\t\t<\/div>\n\t\t<\/div>\n\t\t\t\t\t<\/div>\n\t\t<\/section>\n\t\t\t\t\t<\/div>\n\t\t<\/div>\n\t\t\t\t\t<\/div>\n\t\t<\/section>\n\t\t\t\t<section class=\"elementor-section elementor-top-section elementor-element elementor-element-e00b588 elementor-section-stretched elementor-section-content-middle elementor-section-boxed elementor-section-height-default elementor-section-height-default\" data-id=\"e00b588\" data-element_type=\"section\" data-settings=\"{&quot;stretch_section&quot;:&quot;section-stretched&quot;}\">\n\t\t\t\t\t\t<div class=\"elementor-container elementor-column-gap-default\">\n\t\t\t\t\t<div class=\"elementor-column elementor-col-50 elementor-top-column elementor-element elementor-element-9c37886\" data-id=\"9c37886\" data-element_type=\"column\" data-settings=\"{&quot;background_background&quot;:&quot;classic&quot;}\">\n\t\t\t<div class=\"elementor-widget-wrap elementor-element-populated\">\n\t\t\t\t\t\t<div class=\"elementor-element elementor-element-a246514 elementor-widget elementor-widget-text-editor\" data-id=\"a246514\" data-element_type=\"widget\" data-widget_type=\"text-editor.default\">\n\t\t\t\t<div class=\"elementor-widget-container\">\n\t\t\t\t\t\t\t\t\t<p><strong>Certified Spaces:<\/strong><br \/>All our interventions are carried out in\u00a0<strong>high-standard operating rooms (El Tesoro Operating Rooms)<\/strong>, with consulting rooms and procedure rooms that comply with rigorous safety and sterility protocols.<\/p>\t\t\t\t\t\t\t\t<\/div>\n\t\t\t\t<\/div>\n\t\t\t\t\t<\/div>\n\t\t<\/div>\n\t\t\t\t<div class=\"elementor-column elementor-col-50 elementor-top-column elementor-element elementor-element-12071e8\" data-id=\"12071e8\" data-element_type=\"column\">\n\t\t\t<div class=\"elementor-widget-wrap elementor-element-populated\">\n\t\t\t\t\t\t<section class=\"elementor-section elementor-inner-section elementor-element elementor-element-a2b4027 elementor-section-boxed elementor-section-height-default elementor-section-height-default\" data-id=\"a2b4027\" data-element_type=\"section\">\n\t\t\t\t\t\t<div class=\"elementor-container elementor-column-gap-default\">\n\t\t\t\t\t<div class=\"elementor-column elementor-col-100 elementor-inner-column elementor-element elementor-element-51eed81\" data-id=\"51eed81\" data-element_type=\"column\">\n\t\t\t<div class=\"elementor-widget-wrap elementor-element-populated\">\n\t\t\t\t\t\t<div class=\"elementor-element elementor-element-0586bde elementor-widget elementor-widget-text-editor\" data-id=\"0586bde\" data-element_type=\"widget\" data-widget_type=\"text-editor.default\">\n\t\t\t\t<div class=\"elementor-widget-container\">\n\t\t\t\t\t\t\t\t\t<p class=\"ds-markdown-paragraph\"><strong>Personalized Attention:<\/strong><br \/>We are developing our\u00a0<strong>Healing Center<\/strong>\u00a0and\u00a0<strong>Hair Restoration Institute<\/strong>\u00a0to provide you with a comprehensive experience. In addition, we offer specialized services for\u00a0<strong>international patients<\/strong>, ensuring comfort and follow-up throughout your entire process. At Radiance, your health and essence are our priority.\u00a0<strong>Technology, professionalism and human warmth<\/strong>\u00a0for results that respect your naturalness.<\/p>\t\t\t\t\t\t\t\t<\/div>\n\t\t\t\t<\/div>\n\t\t\t\t\t<\/div>\n\t\t<\/div>\n\t\t\t\t\t<\/div>\n\t\t<\/section>\n\t\t\t\t\t<\/div>\n\t\t<\/div>\n\t\t\t\t\t<\/div>\n\t\t<\/section>\n\t\t\t\t<\/div>","protected":false},"excerpt":{"rendered":"<p>At Radiance Plastic Surgery, we combine cutting-edge technology with certified facilities to offer you safe procedures and natural-looking results. Our commitment to excellence is reflected in every detail, from our medical team to our facilities designed for your well-being. Advanced Technology: We utilize the latest medical and aesthetic equipment, including HydraFacial, Morpheus 8, FaceTite, BodyTite, Lumecca (IPL), radiofrequency, [\u2026]<\/p>","protected":false},"author":1,"featured_media":0,"parent":9013,"menu_order":0,"comment_status":"closed","ping_status":"closed","template":"","meta":{"footnotes":""},"class_list":["post-8718","page","type-page","status-publish","hentry"],"yoast_head":"<!-- This site is optimized with the Yoast SEO plugin v26.5 - https:\/\/yoast.com\/wordpress\/plugins\/seo\/ -->\n<title>Nosotros - Radiance Plastic Surgery<\/title>\n<meta name=\"robots\" content=\"index, follow, max-snippet:-1, max-image-preview:large, max-video-preview:-1\" \/>\n<link rel=\"canonical\" href=\"https:\/\/radianceplasticsurgery.co\/en\/about-pages\/nosotros\/\" \/>\n<meta property=\"og:locale\" content=\"en_US\" \/>\n<meta property=\"og:type\" content=\"article\" \/>\n<meta property=\"og:title\" content=\"Nosotros - Radiance Plastic Surgery\" \/>\n<meta property=\"og:description\" content=\"Nosotros Radiance Plastic Surgery Combinamos alta tecnolog\u00eda con espacios certificados para ofrecerte procedimientos seguros y resultados naturales. Nuestro compromiso con la excelencia se refleja en cada detalle, desde el equipo m\u00e9dico hasta las instalaciones dise\u00f1adas para tu bienestar. Tecnolog\u00eda Avanzada:Utilizamos lo \u00faltimo en equipos m\u00e9dicos y est\u00e9ticos, como\u00a0HydraFacial, Morpheus 8, FaceTite, BodyTite, Lumecca (IPL), radiofrecuencia, [&hellip;]\" \/>\n<meta property=\"og:url\" content=\"https:\/\/radianceplasticsurgery.co\/en\/about-pages\/nosotros\/\" \/>\n<meta property=\"og:site_name\" content=\"Radiance Plastic Surgery\" \/>\n<meta property=\"article:publisher\" content=\"https:\/\/www.facebook.com\/Radianceplasticsurgeryco\" \/>\n<meta property=\"article:modified_time\" content=\"2026-03-05T15:50:10+00:00\" \/>\n<meta name=\"twitter:card\" content=\"summary_large_image\" \/>\n<meta name=\"twitter:label1\" content=\"Est. reading time\" \/>\n\t<meta name=\"twitter:data1\" content=\"1 minute\" \/>\n<script type=\"application\/ld+json\" class=\"yoast-schema-graph\">{\"@context\":\"https:\/\/schema.org\",\"@graph\":[{\"@type\":\"WebPage\",\"@id\":\"https:\/\/radianceplasticsurgery.co\/about-pages\/nosotros\/\",\"url\":\"https:\/\/radianceplasticsurgery.co\/about-pages\/nosotros\/\",\"name\":\"Nosotros - Radiance Plastic Surgery\",\"isPartOf\":{\"@id\":\"https:\/\/radianceplasticsurgery.co\/#website\"},\"datePublished\":\"2022-09-06T10:57:16+00:00\",\"dateModified\":\"2026-03-05T15:50:10+00:00\",\"breadcrumb\":{\"@id\":\"https:\/\/radianceplasticsurgery.co\/about-pages\/nosotros\/#breadcrumb\"},\"inLanguage\":\"en-US\",\"potentialAction\":[{\"@type\":\"ReadAction\",\"target\":[\"https:\/\/radianceplasticsurgery.co\/about-pages\/nosotros\/\"]}]},{\"@type\":\"BreadcrumbList\",\"@id\":\"https:\/\/radianceplasticsurgery.co\/about-pages\/nosotros\/#breadcrumb\",\"itemListElement\":[{\"@type\":\"ListItem\",\"position\":1,\"name\":\"Inicio\",\"item\":\"https:\/\/radianceplasticsurgery.co\/\"},{\"@type\":\"ListItem\",\"position\":2,\"name\":\"ABOUT PAGES\",\"item\":\"https:\/\/radianceplasticsurgery.co\/about-pages\/\"},{\"@type\":\"ListItem\",\"position\":3,\"name\":\"Nosotros\"}]},{\"@type\":\"WebSite\",\"@id\":\"https:\/\/radianceplasticsurgery.co\/#website\",\"url\":\"https:\/\/radianceplasticsurgery.co\/\",\"name\":\"Radiance Plastic Surgery\",\"description\":\"\",\"publisher\":{\"@id\":\"https:\/\/radianceplasticsurgery.co\/#organization\"},\"potentialAction\":[{\"@type\":\"SearchAction\",\"target\":{\"@type\":\"EntryPoint\",\"urlTemplate\":\"https:\/\/radianceplasticsurgery.co\/?s={search_term_string}\"},\"query-input\":{\"@type\":\"PropertyValueSpecification\",\"valueRequired\":true,\"valueName\":\"search_term_string\"}}],\"inLanguage\":\"en-US\"},{\"@type\":\"Organization\",\"@id\":\"https:\/\/radianceplasticsurgery.co\/#organization\",\"name\":\"Radiance Plastic Surgery\",\"url\":\"https:\/\/radianceplasticsurgery.co\/\",\"logo\":{\"@type\":\"ImageObject\",\"inLanguage\":\"en-US\",\"@id\":\"https:\/\/radianceplasticsurgery.co\/#\/schema\/logo\/image\/\",\"url\":\"https:\/\/radianceplasticsurgery.co\/wp-content\/uploads\/2025\/05\/Carrusel-logo-2-min.jpg\",\"contentUrl\":\"https:\/\/radianceplasticsurgery.co\/wp-content\/uploads\/2025\/05\/Carrusel-logo-2-min.jpg\",\"width\":519,\"height\":428,\"caption\":\"Radiance Plastic Surgery\"},\"image\":{\"@id\":\"https:\/\/radianceplasticsurgery.co\/#\/schema\/logo\/image\/\"},\"sameAs\":[\"https:\/\/www.facebook.com\/Radianceplasticsurgeryco\",\"https:\/\/www.instagram.com\/radiance_colombia\/\"]}]}<\/script>\n<!-- \/ Yoast SEO plugin. -->","yoast_head_json":{"title":"About us - Radiance Plastic Surgery","robots":{"index":"index","follow":"follow","max-snippet":"max-snippet:-1","max-image-preview":"max-image-preview:large","max-video-preview":"max-video-preview:-1"},"canonical":"https:\/\/radianceplasticsurgery.co\/en\/about-pages\/nosotros\/","og_locale":"en_US","og_type":"article","og_title":"Nosotros - Radiance Plastic Surgery","og_description":"Nosotros Radiance Plastic Surgery Combinamos alta tecnolog\u00eda con espacios certificados para ofrecerte procedimientos seguros y resultados naturales. Nuestro compromiso con la excelencia se refleja en cada detalle, desde el equipo m\u00e9dico hasta las instalaciones dise\u00f1adas para tu bienestar. Tecnolog\u00eda Avanzada:Utilizamos lo \u00faltimo en equipos m\u00e9dicos y est\u00e9ticos, como\u00a0HydraFacial, Morpheus 8, FaceTite, BodyTite, Lumecca (IPL), radiofrecuencia, [&hellip;]","og_url":"https:\/\/radianceplasticsurgery.co\/en\/about-pages\/nosotros\/","og_site_name":"Radiance Plastic Surgery","article_publisher":"https:\/\/www.facebook.com\/Radianceplasticsurgeryco","article_modified_time":"2026-03-05T15:50:10+00:00","twitter_card":"summary_large_image","twitter_misc":{"Est. reading time":"1 minute"},"schema":{"@context":"https:\/\/schema.org","@graph":[{"@type":"WebPage","@id":"https:\/\/radianceplasticsurgery.co\/about-pages\/nosotros\/","url":"https:\/\/radianceplasticsurgery.co\/about-pages\/nosotros\/","name":"About us - Radiance Plastic Surgery","isPartOf":{"@id":"https:\/\/radianceplasticsurgery.co\/#website"},"datePublished":"2022-09-06T10:57:16+00:00","dateModified":"2026-03-05T15:50:10+00:00","breadcrumb":{"@id":"https:\/\/radianceplasticsurgery.co\/about-pages\/nosotros\/#breadcrumb"},"inLanguage":"en-US","potentialAction":[{"@type":"ReadAction","target":["https:\/\/radianceplasticsurgery.co\/about-pages\/nosotros\/"]}]},{"@type":"BreadcrumbList","@id":"https:\/\/radianceplasticsurgery.co\/about-pages\/nosotros\/#breadcrumb","itemListElement":[{"@type":"ListItem","position":1,"name":"Inicio","item":"https:\/\/radianceplasticsurgery.co\/"},{"@type":"ListItem","position":2,"name":"ABOUT PAGES","item":"https:\/\/radianceplasticsurgery.co\/about-pages\/"},{"@type":"ListItem","position":3,"name":"Nosotros"}]},{"@type":"WebSite","@id":"https:\/\/radianceplasticsurgery.co\/#website","url":"https:\/\/radianceplasticsurgery.co\/","name":"Radiance Plastic Surgery","description":"","publisher":{"@id":"https:\/\/radianceplasticsurgery.co\/#organization"},"potentialAction":[{"@type":"SearchAction","target":{"@type":"EntryPoint","urlTemplate":"https:\/\/radianceplasticsurgery.co\/?s={search_term_string}"},"query-input":{"@type":"PropertyValueSpecification","valueRequired":true,"valueName":"search_term_string"}}],"inLanguage":"en-US"},{"@type":"Organization","@id":"https:\/\/radianceplasticsurgery.co\/#organization","name":"Radiance Plastic Surgery","url":"https:\/\/radianceplasticsurgery.co\/","logo":{"@type":"ImageObject","inLanguage":"en-US","@id":"https:\/\/radianceplasticsurgery.co\/#\/schema\/logo\/image\/","url":"https:\/\/radianceplasticsurgery.co\/wp-content\/uploads\/2025\/05\/Carrusel-logo-2-min.jpg","contentUrl":"https:\/\/radianceplasticsurgery.co\/wp-content\/uploads\/2025\/05\/Carrusel-logo-2-min.jpg","width":519,"height":428,"caption":"Radiance Plastic Surgery"},"image":{"@id":"https:\/\/radianceplasticsurgery.co\/#\/schema\/logo\/image\/"},"sameAs":["https:\/\/www.facebook.com\/Radianceplasticsurgeryco","https:\/\/www.instagram.com\/radiance_colombia\/"]}]}},"_links":{"self":[{"href":"https:\/\/radianceplasticsurgery.co\/en\/wp-json\/wp\/v2\/pages\/8718","targetHints":{"allow":["GET"]}}],"collection":[{"href":"https:\/\/radianceplasticsurgery.co\/en\/wp-json\/wp\/v2\/pages"}],"about":[{"href":"https:\/\/radianceplasticsurgery.co\/en\/wp-json\/wp\/v2\/types\/page"}],"author":[{"embeddable":true,"href":"https:\/\/radianceplasticsurgery.co\/en\/wp-json\/wp\/v2\/users\/1"}],"replies":[{"embeddable":true,"href":"https:\/\/radianceplasticsurgery.co\/en\/wp-json\/wp\/v2\/comments?post=8718"}],"version-history":[{"count":73,"href":"https:\/\/radianceplasticsurgery.co\/en\/wp-json\/wp\/v2\/pages\/8718\/revisions"}],"predecessor-version":[{"id":13933,"href":"https:\/\/radianceplasticsurgery.co\/en\/wp-json\/wp\/v2\/pages\/8718\/revisions\/13933"}],"up":[{"embeddable":true,"href":"https:\/\/radianceplasticsurgery.co\/en\/wp-json\/wp\/v2\/pages\/9013"}],"wp:attachment":[{"href":"https:\/\/radianceplasticsurgery.co\/en\/wp-json\/wp\/v2\/media?parent=8718"}],"curies":[{"name":"wp","href":"https:\/\/api.w.org\/{rel}","templated":true}]}}