{"id":68,"date":"2022-09-08T07:24:42","date_gmt":"2022-09-08T07:24:42","guid":{"rendered":"http:\/\/www.nicdarkthemes.com\/themes\/plastic-surgery\/wp\/demo\/plastic-surgery\/?page_id=68"},"modified":"2025-07-04T09:51:41","modified_gmt":"2025-07-04T14:51:41","slug":"header-01","status":"publish","type":"page","link":"https:\/\/radianceplasticsurgery.co\/en\/header-pages\/header-01\/","title":{"rendered":"Header 01"},"content":{"rendered":"<div data-elementor-type=\"wp-page\" data-elementor-id=\"68\" class=\"elementor elementor-68\" data-elementor-post-type=\"page\">\n\t\t\t\t\t\t<section class=\"elementor-section elementor-top-section elementor-element elementor-element-a07d8fa elementor-section-full_width elementor-section-content-middle elementor-section-height-default elementor-section-height-default elementor-invisible\" data-id=\"a07d8fa\" data-element_type=\"section\" id=\"header_01_navsection\" data-settings=\"{&quot;background_background&quot;:&quot;classic&quot;,&quot;animation&quot;:&quot;fadeIn&quot;,&quot;animation_delay&quot;:400}\">\n\t\t\t\t\t\t<div class=\"elementor-container elementor-column-gap-default\">\n\t\t\t\t\t<div class=\"elementor-column elementor-col-33 elementor-top-column elementor-element elementor-element-2cd89d62\" data-id=\"2cd89d62\" data-element_type=\"column\" data-settings=\"{&quot;background_background&quot;:&quot;classic&quot;}\">\n\t\t\t<div class=\"elementor-widget-wrap elementor-element-populated\">\n\t\t\t\t\t\t<div class=\"elementor-element elementor-element-717c9cf0 elementor-hidden-tablet elementor-hidden-mobile elementor-widget elementor-widget-image\" data-id=\"717c9cf0\" data-element_type=\"widget\" data-widget_type=\"image.default\">\n\t\t\t\t<div class=\"elementor-widget-container\">\n\t\t\t\t\t\t\t\t\t\t\t\t\t\t\t\t<a href=\"http:\/\/radianceplasticsurgery.co\/en\/\">\n\t\t\t\t\t\t\t<img fetchpriority=\"high\" decoding=\"async\" width=\"519\" height=\"428\" src=\"https:\/\/radianceplasticsurgery.co\/wp-content\/uploads\/2025\/05\/Carrusel-logo-2-min.jpg\" class=\"attachment-large size-large wp-image-13247\" alt=\"\" srcset=\"https:\/\/radianceplasticsurgery.co\/wp-content\/uploads\/2025\/05\/Carrusel-logo-2-min.jpg 519w, https:\/\/radianceplasticsurgery.co\/wp-content\/uploads\/2025\/05\/Carrusel-logo-2-min-300x247.jpg 300w\" sizes=\"(max-width: 519px) 100vw, 519px\" \/>\t\t\t\t\t\t\t\t<\/a>\n\t\t\t\t\t\t\t\t\t\t\t\t\t\t\t<\/div>\n\t\t\t\t<\/div>\n\t\t\t\t<div class=\"elementor-element elementor-element-1c26ec0 elementor-hidden-desktop elementor-widget elementor-widget-image\" data-id=\"1c26ec0\" data-element_type=\"widget\" data-widget_type=\"image.default\">\n\t\t\t\t<div class=\"elementor-widget-container\">\n\t\t\t\t\t\t\t\t\t\t\t\t\t\t\t\t<a href=\"http:\/\/radianceplasticsurgery.co\/en\/\">\n\t\t\t\t\t\t\t<img decoding=\"async\" width=\"519\" height=\"428\" src=\"https:\/\/radianceplasticsurgery.co\/wp-content\/uploads\/2025\/05\/Logo-Blanco-radiance-plastic-surgery-min.png\" class=\"attachment-large size-large wp-image-13292\" alt=\"\" srcset=\"https:\/\/radianceplasticsurgery.co\/wp-content\/uploads\/2025\/05\/Logo-Blanco-radiance-plastic-surgery-min.png 519w, https:\/\/radianceplasticsurgery.co\/wp-content\/uploads\/2025\/05\/Logo-Blanco-radiance-plastic-surgery-min-300x247.png 300w\" sizes=\"(max-width: 519px) 100vw, 519px\" \/>\t\t\t\t\t\t\t\t<\/a>\n\t\t\t\t\t\t\t\t\t\t\t\t\t\t\t<\/div>\n\t\t\t\t<\/div>\n\t\t\t\t\t<\/div>\n\t\t<\/div>\n\t\t\t\t<div class=\"elementor-column elementor-col-33 elementor-top-column elementor-element elementor-element-38b5188b\" data-id=\"38b5188b\" data-element_type=\"column\" data-settings=\"{&quot;background_background&quot;:&quot;classic&quot;}\">\n\t\t\t<div class=\"elementor-widget-wrap elementor-element-populated\">\n\t\t\t\t\t\t<div class=\"elementor-element elementor-element-27f104b9 elementor-widget elementor-widget-navigation\" data-id=\"27f104b9\" data-element_type=\"widget\" data-widget_type=\"navigation.default\">\n\t\t\t\t<div class=\"elementor-widget-container\">\n\t\t\t\t\t\n\t\t<div class=\"nd_elements_section\">\n\t\t\t<div class=\"nd_elements_navigation_component\">\n\n\t\t\t\t<div class=\"menu-menu-1-container\"><ul id=\"menu-menu-1\" class=\"menu\"><li id=\"menu-item-12967\" class=\"menu-item menu-item-type-custom menu-item-object-custom menu-item-12967\"><a href=\"http:\/\/radianceplasticsurgery.co\/en\/\">Start<\/a><\/li>\n<li id=\"menu-item-13470\" class=\"menu-item menu-item-type-post_type menu-item-object-page menu-item-has-children menu-item-13470\"><a href=\"https:\/\/radianceplasticsurgery.co\/en\/about-pages\/nosotros\/\">Us<\/a>\n<ul class=\"sub-menu\">\n\t<li id=\"menu-item-13468\" class=\"menu-item menu-item-type-post_type menu-item-object-page menu-item-13468\"><a href=\"https:\/\/radianceplasticsurgery.co\/en\/about-pages\/dr-silvia-romero\/\">Dr. Jorge Benavides<\/a><\/li>\n<\/ul>\n<\/li>\n<li id=\"menu-item-12954\" class=\"menu-item menu-item-type-post_type menu-item-object-page menu-item-has-children menu-item-12954\"><a href=\"https:\/\/radianceplasticsurgery.co\/en\/service-pages\/services-01\/\">Services<\/a>\n<ul class=\"sub-menu\">\n\t<li id=\"menu-item-12895\" class=\"menu-item menu-item-type-custom menu-item-object-custom menu-item-has-children menu-item-12895\"><a href=\"#\">Surgical Treatments<\/a>\n\t<ul class=\"sub-menu\">\n\t\t<li id=\"menu-item-13467\" class=\"menu-item menu-item-type-post_type menu-item-object-page menu-item-13467\"><a href=\"https:\/\/radianceplasticsurgery.co\/en\/about-pages\/procedimiento-mamoplastia\/\">Breast Surgery Procedure<\/a><\/li>\n\t\t<li id=\"menu-item-13564\" class=\"menu-item menu-item-type-post_type menu-item-object-page menu-item-13564\"><a href=\"https:\/\/radianceplasticsurgery.co\/en\/about-pages\/procedimiento-armonizacion-facial\/\">Facial Harmonization Procedure<\/a><\/li>\n\t\t<li id=\"menu-item-13565\" class=\"menu-item menu-item-type-post_type menu-item-object-page menu-item-13565\"><a href=\"https:\/\/radianceplasticsurgery.co\/en\/about-pages\/procedimiento-cirugia-de-parpados\/\">Eyelid Surgery Procedure<\/a><\/li>\n\t\t<li id=\"menu-item-13566\" class=\"menu-item menu-item-type-post_type menu-item-object-page menu-item-13566\"><a href=\"https:\/\/radianceplasticsurgery.co\/en\/about-pages\/procedimiento-abdominoplastia\/\">Abdominoplasty Procedure<\/a><\/li>\n\t\t<li id=\"menu-item-13567\" class=\"menu-item menu-item-type-post_type menu-item-object-page menu-item-13567\"><a href=\"https:\/\/radianceplasticsurgery.co\/en\/about-pages\/procedimiento-lifting-facial\/\">Facelift Procedure<\/a><\/li>\n\t\t<li id=\"menu-item-13568\" class=\"menu-item menu-item-type-post_type menu-item-object-page menu-item-13568\"><a href=\"https:\/\/radianceplasticsurgery.co\/en\/about-pages\/procedimiento-rinoplastia\/\">Rhinoplasty Procedure<\/a><\/li>\n\t\t<li id=\"menu-item-13569\" class=\"menu-item menu-item-type-post_type menu-item-object-page menu-item-13569\"><a href=\"https:\/\/radianceplasticsurgery.co\/en\/about-pages\/procedimiento-gluteoplastia\/\">Gluteoplasty Procedure<\/a><\/li>\n\t<\/ul>\n<\/li>\n\t<li id=\"menu-item-13469\" class=\"menu-item menu-item-type-post_type menu-item-object-page menu-item-13469\"><a href=\"https:\/\/radianceplasticsurgery.co\/en\/about-pages\/about-01\/\">Non-surgical and special<\/a><\/li>\n<\/ul>\n<\/li>\n<li id=\"menu-item-12968\" class=\"menu-item menu-item-type-custom menu-item-object-custom menu-item-12968\"><a href=\"#\">Blog<\/a><\/li>\n<li id=\"menu-item-12934\" class=\"menu-item menu-item-type-post_type menu-item-object-page menu-item-12934\"><a href=\"https:\/\/radianceplasticsurgery.co\/en\/contact-pages\/contact-02\/\">Contact us<\/a><\/li>\n<\/ul><\/div>\n\t\t\t\t\n\t\t\t\t<img decoding=\"async\" alt=\"open-navigation\" width=\"25\" class=\"nd_elements_open_navigation_sidebar_content\" src=\"http:\/\/www.nicdarkthemes.com\/themes\/plastic-surgery\/wp\/demo\/plastic-surgery\/wp-content\/uploads\/sites\/2\/2022\/09\/icon-menu.png\">\n\t\t\t\n\t\t\t<\/div>\n\t\t<\/div>\n\n\t\t<!--START menu responsive-->\n\t\t<div class=\"nd_elements_navigation_sidebar_content\">\n\n\t\t\t<img decoding=\"async\" alt=\"close-navigation\" width=\"25\" class=\"nd_elements_close_navigation_sidebar_content\" src=\"https:\/\/radianceplasticsurgery.co\/wp-content\/plugins\/nd-elements\/widgets\/navigation\/img\/navigation-close.svg\">\n\n\t\t    <div class=\"nd_elements_navigation_sidebar\">\n\t\t        <div class=\"menu-menu-1-container\"><ul id=\"menu-menu-2\" class=\"menu\"><li class=\"menu-item menu-item-type-custom menu-item-object-custom menu-item-12967\"><a href=\"http:\/\/radianceplasticsurgery.co\/en\/\">Start<\/a><\/li>\n<li class=\"menu-item menu-item-type-post_type menu-item-object-page menu-item-has-children menu-item-13470\"><a href=\"https:\/\/radianceplasticsurgery.co\/en\/about-pages\/nosotros\/\">Us<\/a>\n<ul class=\"sub-menu\">\n\t<li class=\"menu-item menu-item-type-post_type menu-item-object-page menu-item-13468\"><a href=\"https:\/\/radianceplasticsurgery.co\/en\/about-pages\/dr-silvia-romero\/\">Dr. Jorge Benavides<\/a><\/li>\n<\/ul>\n<\/li>\n<li class=\"menu-item menu-item-type-post_type menu-item-object-page menu-item-has-children menu-item-12954\"><a href=\"https:\/\/radianceplasticsurgery.co\/en\/service-pages\/services-01\/\">Services<\/a>\n<ul class=\"sub-menu\">\n\t<li class=\"menu-item menu-item-type-custom menu-item-object-custom menu-item-has-children menu-item-12895\"><a href=\"#\">Surgical Treatments<\/a>\n\t<ul class=\"sub-menu\">\n\t\t<li class=\"menu-item menu-item-type-post_type menu-item-object-page menu-item-13467\"><a href=\"https:\/\/radianceplasticsurgery.co\/en\/about-pages\/procedimiento-mamoplastia\/\">Breast Surgery Procedure<\/a><\/li>\n\t\t<li class=\"menu-item menu-item-type-post_type menu-item-object-page menu-item-13564\"><a href=\"https:\/\/radianceplasticsurgery.co\/en\/about-pages\/procedimiento-armonizacion-facial\/\">Facial Harmonization Procedure<\/a><\/li>\n\t\t<li class=\"menu-item menu-item-type-post_type menu-item-object-page menu-item-13565\"><a href=\"https:\/\/radianceplasticsurgery.co\/en\/about-pages\/procedimiento-cirugia-de-parpados\/\">Eyelid Surgery Procedure<\/a><\/li>\n\t\t<li class=\"menu-item menu-item-type-post_type menu-item-object-page menu-item-13566\"><a href=\"https:\/\/radianceplasticsurgery.co\/en\/about-pages\/procedimiento-abdominoplastia\/\">Abdominoplasty Procedure<\/a><\/li>\n\t\t<li class=\"menu-item menu-item-type-post_type menu-item-object-page menu-item-13567\"><a href=\"https:\/\/radianceplasticsurgery.co\/en\/about-pages\/procedimiento-lifting-facial\/\">Facelift Procedure<\/a><\/li>\n\t\t<li class=\"menu-item menu-item-type-post_type menu-item-object-page menu-item-13568\"><a href=\"https:\/\/radianceplasticsurgery.co\/en\/about-pages\/procedimiento-rinoplastia\/\">Rhinoplasty Procedure<\/a><\/li>\n\t\t<li class=\"menu-item menu-item-type-post_type menu-item-object-page menu-item-13569\"><a href=\"https:\/\/radianceplasticsurgery.co\/en\/about-pages\/procedimiento-gluteoplastia\/\">Gluteoplasty Procedure<\/a><\/li>\n\t<\/ul>\n<\/li>\n\t<li class=\"menu-item menu-item-type-post_type menu-item-object-page menu-item-13469\"><a href=\"https:\/\/radianceplasticsurgery.co\/en\/about-pages\/about-01\/\">Non-surgical and special<\/a><\/li>\n<\/ul>\n<\/li>\n<li class=\"menu-item menu-item-type-custom menu-item-object-custom menu-item-12968\"><a href=\"#\">Blog<\/a><\/li>\n<li class=\"menu-item menu-item-type-post_type menu-item-object-page menu-item-12934\"><a href=\"https:\/\/radianceplasticsurgery.co\/en\/contact-pages\/contact-02\/\">Contact us<\/a><\/li>\n<\/ul><\/div>\n\t\t    <\/div>\n\n\t\t<\/div>\n\t\t<!--END menu responsive-->\n\t\t\t\t\t\t<\/div>\n\t\t\t\t<\/div>\n\t\t\t\t\t<\/div>\n\t\t<\/div>\n\t\t\t\t<div class=\"elementor-column elementor-col-33 elementor-top-column elementor-element elementor-element-608beaae elementor-hidden-mobile\" data-id=\"608beaae\" data-element_type=\"column\" data-settings=\"{&quot;background_background&quot;:&quot;classic&quot;}\">\n\t\t\t<div class=\"elementor-widget-wrap elementor-element-populated\">\n\t\t\t\t\t\t<div class=\"elementor-element elementor-element-14715ad3 elementor-align-center elementor-tablet-align-right elementor-mobile-align-center elementor-widget__width-inherit elementor-widget elementor-widget-button\" data-id=\"14715ad3\" data-element_type=\"widget\" data-widget_type=\"button.default\">\n\t\t\t\t<div class=\"elementor-widget-container\">\n\t\t\t\t\t\t\t\t\t<div class=\"elementor-button-wrapper\">\n\t\t\t\t\t<a class=\"elementor-button elementor-button-link elementor-size-sm elementor-animation-shrink\" href=\"https:\/\/api.whatsapp.com\/send\/?phone=573118324191&#038;text=Hola%2C%20quiero%20mas%20informaci%C3%B3n%20sobre%20sus%20servicios....&#038;type=phone_number&#038;app_absent=0\" id=\"Clictochat\">\n\t\t\t\t\t\t<span class=\"elementor-button-content-wrapper\">\n\t\t\t\t\t\t\t\t\t<span class=\"elementor-button-text\">BOOK AN APPOINTMENT<\/span>\n\t\t\t\t\t<\/span>\n\t\t\t\t\t<\/a>\n\t\t\t\t<\/div>\n\t\t\t\t\t\t\t\t<\/div>\n\t\t\t\t<\/div>\n\t\t\t\t\t<\/div>\n\t\t<\/div>\n\t\t\t\t\t<\/div>\n\t\t<\/section>\n\t\t\t\t<section class=\"elementor-section elementor-top-section elementor-element elementor-element-3e8f4b7 elementor-section-boxed elementor-section-height-default elementor-section-height-default\" data-id=\"3e8f4b7\" data-element_type=\"section\">\n\t\t\t\t\t\t<div class=\"elementor-container elementor-column-gap-default\">\n\t\t\t\t\t<div class=\"elementor-column elementor-col-100 elementor-top-column elementor-element elementor-element-8d75df6\" data-id=\"8d75df6\" data-element_type=\"column\">\n\t\t\t<div class=\"elementor-widget-wrap elementor-element-populated\">\n\t\t\t\t\t\t<div class=\"elementor-element elementor-element-ca27a1d elementor-widget elementor-widget-customcss\" data-id=\"ca27a1d\" data-element_type=\"widget\" data-widget_type=\"customcss.default\">\n\t\t\t\t<div class=\"elementor-widget-container\">\n\t\t\t\t\t<style type=\"text\/css\">#nd_options_woocommerce_archives_header_img_layout_9,#nd_options_woocommerce_header_img_layout_9,#nd_options_archives_header_img_layout_9,#nd_options_search_header_img_layout_9 { margin-top:-155px; }\n\n#nd_options_woocommerce_header_img_layout_9 { margin-bottom:40px; }\n\n#nd_options_woo_archive_header_image_space_top,#nd_options_archives_header_img_layout_9_space_top,#nd_options_search_header_img_layout_9_space_top { height:255px; }\n\nbody.error404 #header_01_top_header { display:none; }\n\nbody.error404 #header_01_navsection {margin-top:40px; }<\/style>\t\t\t\t<\/div>\n\t\t\t\t<\/div>\n\t\t\t\t\t<\/div>\n\t\t<\/div>\n\t\t\t\t\t<\/div>\n\t\t<\/section>\n\t\t\t\t<\/div>","protected":false},"excerpt":{"rendered":"<p>Inicio Nosotros Dr. Silvia Romero Servicios Tratamientos Quir\u00fargicos Procedimiento Cirug\u00eda de Senos Procedimiento Armonizaci\u00f3n Facial Procedimiento Cirug\u00eda de P\u00e1rpados Procedimiento Abdominoplastia Procedimiento Lifting Facial Procedimiento Rinoplastia Procedimiento Gluteoplastia No quir\u00fargicos y especiales Blog Cont\u00e1ctanos Inicio Nosotros Dr. Silvia Romero Servicios Tratamientos Quir\u00fargicos Procedimiento Cirug\u00eda de Senos Procedimiento Armonizaci\u00f3n Facial Procedimiento Cirug\u00eda de P\u00e1rpados Procedimiento Abdominoplastia [&hellip;]<\/p>","protected":false},"author":1,"featured_media":0,"parent":9031,"menu_order":0,"comment_status":"closed","ping_status":"closed","template":"","meta":{"footnotes":""},"class_list":["post-68","page","type-page","status-publish","hentry"],"yoast_head":"<!-- This site is optimized with the Yoast SEO plugin v26.5 - https:\/\/yoast.com\/wordpress\/plugins\/seo\/ -->\n<title>Header 01 - Radiance Plastic Surgery<\/title>\n<meta name=\"robots\" content=\"index, follow, max-snippet:-1, max-image-preview:large, max-video-preview:-1\" \/>\n<link rel=\"canonical\" href=\"https:\/\/radianceplasticsurgery.co\/en\/header-pages\/header-01\/\" \/>\n<meta property=\"og:locale\" content=\"en_US\" \/>\n<meta property=\"og:type\" content=\"article\" \/>\n<meta property=\"og:title\" content=\"Header 01 - Radiance Plastic Surgery\" \/>\n<meta property=\"og:description\" content=\"Inicio Nosotros Dr. Silvia Romero Servicios Tratamientos Quir\u00fargicos Procedimiento Cirug\u00eda de Senos Procedimiento Armonizaci\u00f3n Facial Procedimiento Cirug\u00eda de P\u00e1rpados Procedimiento Abdominoplastia Procedimiento Lifting Facial Procedimiento Rinoplastia Procedimiento Gluteoplastia No quir\u00fargicos y especiales Blog Cont\u00e1ctanos Inicio Nosotros Dr. Silvia Romero Servicios Tratamientos Quir\u00fargicos Procedimiento Cirug\u00eda de Senos Procedimiento Armonizaci\u00f3n Facial Procedimiento Cirug\u00eda de P\u00e1rpados Procedimiento Abdominoplastia [&hellip;]\" \/>\n<meta property=\"og:url\" content=\"https:\/\/radianceplasticsurgery.co\/en\/header-pages\/header-01\/\" \/>\n<meta property=\"og:site_name\" content=\"Radiance Plastic Surgery\" \/>\n<meta property=\"article:publisher\" content=\"https:\/\/www.facebook.com\/Radianceplasticsurgeryco\" \/>\n<meta property=\"article:modified_time\" content=\"2025-07-04T14:51:41+00:00\" \/>\n<meta property=\"og:image\" content=\"http:\/\/radianceplasticsurgery.co\/wp-content\/uploads\/2025\/05\/Carrusel-logo-2-min.jpg\" \/>\n<meta name=\"twitter:card\" content=\"summary_large_image\" \/>\n<script type=\"application\/ld+json\" class=\"yoast-schema-graph\">{\"@context\":\"https:\/\/schema.org\",\"@graph\":[{\"@type\":\"WebPage\",\"@id\":\"https:\/\/radianceplasticsurgery.co\/header-pages\/header-01\/\",\"url\":\"https:\/\/radianceplasticsurgery.co\/header-pages\/header-01\/\",\"name\":\"Header 01 - Radiance Plastic Surgery\",\"isPartOf\":{\"@id\":\"https:\/\/radianceplasticsurgery.co\/#website\"},\"primaryImageOfPage\":{\"@id\":\"https:\/\/radianceplasticsurgery.co\/header-pages\/header-01\/#primaryimage\"},\"image\":{\"@id\":\"https:\/\/radianceplasticsurgery.co\/header-pages\/header-01\/#primaryimage\"},\"thumbnailUrl\":\"http:\/\/radianceplasticsurgery.co\/wp-content\/uploads\/2025\/05\/Carrusel-logo-2-min.jpg\",\"datePublished\":\"2022-09-08T07:24:42+00:00\",\"dateModified\":\"2025-07-04T14:51:41+00:00\",\"breadcrumb\":{\"@id\":\"https:\/\/radianceplasticsurgery.co\/header-pages\/header-01\/#breadcrumb\"},\"inLanguage\":\"en-US\",\"potentialAction\":[{\"@type\":\"ReadAction\",\"target\":[\"https:\/\/radianceplasticsurgery.co\/header-pages\/header-01\/\"]}]},{\"@type\":\"ImageObject\",\"inLanguage\":\"en-US\",\"@id\":\"https:\/\/radianceplasticsurgery.co\/header-pages\/header-01\/#primaryimage\",\"url\":\"http:\/\/radianceplasticsurgery.co\/wp-content\/uploads\/2025\/05\/Carrusel-logo-2-min.jpg\",\"contentUrl\":\"http:\/\/radianceplasticsurgery.co\/wp-content\/uploads\/2025\/05\/Carrusel-logo-2-min.jpg\"},{\"@type\":\"BreadcrumbList\",\"@id\":\"https:\/\/radianceplasticsurgery.co\/header-pages\/header-01\/#breadcrumb\",\"itemListElement\":[{\"@type\":\"ListItem\",\"position\":1,\"name\":\"Inicio\",\"item\":\"https:\/\/radianceplasticsurgery.co\/\"},{\"@type\":\"ListItem\",\"position\":2,\"name\":\"HEADER PAGES\",\"item\":\"https:\/\/radianceplasticsurgery.co\/header-pages\/\"},{\"@type\":\"ListItem\",\"position\":3,\"name\":\"Header 01\"}]},{\"@type\":\"WebSite\",\"@id\":\"https:\/\/radianceplasticsurgery.co\/#website\",\"url\":\"https:\/\/radianceplasticsurgery.co\/\",\"name\":\"Radiance Plastic Surgery\",\"description\":\"\",\"publisher\":{\"@id\":\"https:\/\/radianceplasticsurgery.co\/#organization\"},\"potentialAction\":[{\"@type\":\"SearchAction\",\"target\":{\"@type\":\"EntryPoint\",\"urlTemplate\":\"https:\/\/radianceplasticsurgery.co\/?s={search_term_string}\"},\"query-input\":{\"@type\":\"PropertyValueSpecification\",\"valueRequired\":true,\"valueName\":\"search_term_string\"}}],\"inLanguage\":\"en-US\"},{\"@type\":\"Organization\",\"@id\":\"https:\/\/radianceplasticsurgery.co\/#organization\",\"name\":\"Radiance Plastic Surgery\",\"url\":\"https:\/\/radianceplasticsurgery.co\/\",\"logo\":{\"@type\":\"ImageObject\",\"inLanguage\":\"en-US\",\"@id\":\"https:\/\/radianceplasticsurgery.co\/#\/schema\/logo\/image\/\",\"url\":\"https:\/\/radianceplasticsurgery.co\/wp-content\/uploads\/2025\/05\/Carrusel-logo-2-min.jpg\",\"contentUrl\":\"https:\/\/radianceplasticsurgery.co\/wp-content\/uploads\/2025\/05\/Carrusel-logo-2-min.jpg\",\"width\":519,\"height\":428,\"caption\":\"Radiance Plastic Surgery\"},\"image\":{\"@id\":\"https:\/\/radianceplasticsurgery.co\/#\/schema\/logo\/image\/\"},\"sameAs\":[\"https:\/\/www.facebook.com\/Radianceplasticsurgeryco\",\"https:\/\/www.instagram.com\/radiance_colombia\/\"]}]}<\/script>\n<!-- \/ Yoast SEO plugin. -->","yoast_head_json":{"title":"Header 01 - Radiance Plastic Surgery","robots":{"index":"index","follow":"follow","max-snippet":"max-snippet:-1","max-image-preview":"max-image-preview:large","max-video-preview":"max-video-preview:-1"},"canonical":"https:\/\/radianceplasticsurgery.co\/en\/header-pages\/header-01\/","og_locale":"en_US","og_type":"article","og_title":"Header 01 - Radiance Plastic Surgery","og_description":"Inicio Nosotros Dr. Silvia Romero Servicios Tratamientos Quir\u00fargicos Procedimiento Cirug\u00eda de Senos Procedimiento Armonizaci\u00f3n Facial Procedimiento Cirug\u00eda de P\u00e1rpados Procedimiento Abdominoplastia Procedimiento Lifting Facial Procedimiento Rinoplastia Procedimiento Gluteoplastia No quir\u00fargicos y especiales Blog Cont\u00e1ctanos Inicio Nosotros Dr. Silvia Romero Servicios Tratamientos Quir\u00fargicos Procedimiento Cirug\u00eda de Senos Procedimiento Armonizaci\u00f3n Facial Procedimiento Cirug\u00eda de P\u00e1rpados Procedimiento Abdominoplastia [&hellip;]","og_url":"https:\/\/radianceplasticsurgery.co\/en\/header-pages\/header-01\/","og_site_name":"Radiance Plastic Surgery","article_publisher":"https:\/\/www.facebook.com\/Radianceplasticsurgeryco","article_modified_time":"2025-07-04T14:51:41+00:00","og_image":[{"url":"http:\/\/radianceplasticsurgery.co\/wp-content\/uploads\/2025\/05\/Carrusel-logo-2-min.jpg","type":"","width":"","height":""}],"twitter_card":"summary_large_image","schema":{"@context":"https:\/\/schema.org","@graph":[{"@type":"WebPage","@id":"https:\/\/radianceplasticsurgery.co\/header-pages\/header-01\/","url":"https:\/\/radianceplasticsurgery.co\/header-pages\/header-01\/","name":"Header 01 - Radiance Plastic Surgery","isPartOf":{"@id":"https:\/\/radianceplasticsurgery.co\/#website"},"primaryImageOfPage":{"@id":"https:\/\/radianceplasticsurgery.co\/header-pages\/header-01\/#primaryimage"},"image":{"@id":"https:\/\/radianceplasticsurgery.co\/header-pages\/header-01\/#primaryimage"},"thumbnailUrl":"http:\/\/radianceplasticsurgery.co\/wp-content\/uploads\/2025\/05\/Carrusel-logo-2-min.jpg","datePublished":"2022-09-08T07:24:42+00:00","dateModified":"2025-07-04T14:51:41+00:00","breadcrumb":{"@id":"https:\/\/radianceplasticsurgery.co\/header-pages\/header-01\/#breadcrumb"},"inLanguage":"en-US","potentialAction":[{"@type":"ReadAction","target":["https:\/\/radianceplasticsurgery.co\/header-pages\/header-01\/"]}]},{"@type":"ImageObject","inLanguage":"en-US","@id":"https:\/\/radianceplasticsurgery.co\/header-pages\/header-01\/#primaryimage","url":"http:\/\/radianceplasticsurgery.co\/wp-content\/uploads\/2025\/05\/Carrusel-logo-2-min.jpg","contentUrl":"http:\/\/radianceplasticsurgery.co\/wp-content\/uploads\/2025\/05\/Carrusel-logo-2-min.jpg"},{"@type":"BreadcrumbList","@id":"https:\/\/radianceplasticsurgery.co\/header-pages\/header-01\/#breadcrumb","itemListElement":[{"@type":"ListItem","position":1,"name":"Inicio","item":"https:\/\/radianceplasticsurgery.co\/"},{"@type":"ListItem","position":2,"name":"HEADER PAGES","item":"https:\/\/radianceplasticsurgery.co\/header-pages\/"},{"@type":"ListItem","position":3,"name":"Header 01"}]},{"@type":"WebSite","@id":"https:\/\/radianceplasticsurgery.co\/#website","url":"https:\/\/radianceplasticsurgery.co\/","name":"Radiance Plastic Surgery","description":"","publisher":{"@id":"https:\/\/radianceplasticsurgery.co\/#organization"},"potentialAction":[{"@type":"SearchAction","target":{"@type":"EntryPoint","urlTemplate":"https:\/\/radianceplasticsurgery.co\/?s={search_term_string}"},"query-input":{"@type":"PropertyValueSpecification","valueRequired":true,"valueName":"search_term_string"}}],"inLanguage":"en-US"},{"@type":"Organization","@id":"https:\/\/radianceplasticsurgery.co\/#organization","name":"Radiance Plastic Surgery","url":"https:\/\/radianceplasticsurgery.co\/","logo":{"@type":"ImageObject","inLanguage":"en-US","@id":"https:\/\/radianceplasticsurgery.co\/#\/schema\/logo\/image\/","url":"https:\/\/radianceplasticsurgery.co\/wp-content\/uploads\/2025\/05\/Carrusel-logo-2-min.jpg","contentUrl":"https:\/\/radianceplasticsurgery.co\/wp-content\/uploads\/2025\/05\/Carrusel-logo-2-min.jpg","width":519,"height":428,"caption":"Radiance Plastic Surgery"},"image":{"@id":"https:\/\/radianceplasticsurgery.co\/#\/schema\/logo\/image\/"},"sameAs":["https:\/\/www.facebook.com\/Radianceplasticsurgeryco","https:\/\/www.instagram.com\/radiance_colombia\/"]}]}},"_links":{"self":[{"href":"https:\/\/radianceplasticsurgery.co\/en\/wp-json\/wp\/v2\/pages\/68","targetHints":{"allow":["GET"]}}],"collection":[{"href":"https:\/\/radianceplasticsurgery.co\/en\/wp-json\/wp\/v2\/pages"}],"about":[{"href":"https:\/\/radianceplasticsurgery.co\/en\/wp-json\/wp\/v2\/types\/page"}],"author":[{"embeddable":true,"href":"https:\/\/radianceplasticsurgery.co\/en\/wp-json\/wp\/v2\/users\/1"}],"replies":[{"embeddable":true,"href":"https:\/\/radianceplasticsurgery.co\/en\/wp-json\/wp\/v2\/comments?post=68"}],"version-history":[{"count":66,"href":"https:\/\/radianceplasticsurgery.co\/en\/wp-json\/wp\/v2\/pages\/68\/revisions"}],"predecessor-version":[{"id":13706,"href":"https:\/\/radianceplasticsurgery.co\/en\/wp-json\/wp\/v2\/pages\/68\/revisions\/13706"}],"up":[{"embeddable":true,"href":"https:\/\/radianceplasticsurgery.co\/en\/wp-json\/wp\/v2\/pages\/9031"}],"wp:attachment":[{"href":"https:\/\/radianceplasticsurgery.co\/en\/wp-json\/wp\/v2\/media?parent=68"}],"curies":[{"name":"wp","href":"https:\/\/api.w.org\/{rel}","templated":true}]}}