{"id":1745,"date":"2021-05-10T10:46:24","date_gmt":"2021-05-10T10:46:24","guid":{"rendered":"http:\/\/www.nicdarkthemes.com\/themes\/seafood\/wp\/demo\/restaurant\/?page_id=1745"},"modified":"2026-03-05T11:03:07","modified_gmt":"2026-03-05T16:03:07","slug":"dr-silvia-romero","status":"publish","type":"page","link":"https:\/\/radianceplasticsurgery.co\/en\/about-pages\/dr-silvia-romero\/","title":{"rendered":"Dr. Jorge Benavides"},"content":{"rendered":"<div data-elementor-type=\"wp-page\" data-elementor-id=\"1745\" class=\"elementor elementor-1745\" data-elementor-post-type=\"page\">\n\t\t\t\t\t\t<section class=\"elementor-section elementor-top-section elementor-element elementor-element-29e0bcce elementor-section-content-middle elementor-section-full_width elementor-section-height-default elementor-section-height-default\" data-id=\"29e0bcce\" data-element_type=\"section\" data-settings=\"{&quot;background_background&quot;:&quot;classic&quot;}\">\n\t\t\t\t\t\t\t<div class=\"elementor-background-overlay\"><\/div>\n\t\t\t\t\t\t\t<div class=\"elementor-container elementor-column-gap-default\">\n\t\t\t\t\t<div class=\"elementor-column elementor-col-50 elementor-top-column elementor-element elementor-element-695c8520 elementor-invisible\" data-id=\"695c8520\" data-element_type=\"column\" data-settings=\"{&quot;animation&quot;:&quot;fadeIn&quot;}\">\n\t\t\t<div class=\"elementor-widget-wrap elementor-element-populated\">\n\t\t\t\t\t\t<div class=\"elementor-element elementor-element-729f8ac elementor-widget__width-initial elementor-widget elementor-widget-heading\" data-id=\"729f8ac\" data-element_type=\"widget\" data-widget_type=\"heading.default\">\n\t\t\t\t<div class=\"elementor-widget-container\">\n\t\t\t\t\t<h2 class=\"elementor-heading-title elementor-size-default\">Dr. Jorge Benavides<\/h2>\t\t\t\t<\/div>\n\t\t\t\t<\/div>\n\t\t\t\t<div class=\"elementor-element elementor-element-205884f elementor-widget elementor-widget-text-editor\" data-id=\"205884f\" data-element_type=\"widget\" data-widget_type=\"text-editor.default\">\n\t\t\t\t<div class=\"elementor-widget-container\">\n\t\t\t\t\t\t\t\t\t<p>Dr. Jorge Benavides is a distinguished Colombian physician and plastic surgeon, a graduate of the National University of Colombia (2014) with honors. He specialized in Plastic Surgery (2017-2022) and was the first Colombian to complete the Total Definer Fellowship by Alfredo Hoyos in advanced body sculpting.\u00a0<\/p><p>\u00a0<\/p><p><strong>Professional and Academic Profile:<\/strong><\/p><ul><li><strong>Education<\/strong>Medical Surgeon and Specialist in Plastic, Aesthetic and Reconstructive Surgery from the National University of Colombia.<\/li><li><strong>Specialized Training:<\/strong> Total Definer by Alfredo Hoyos Advance Body Sculpting Fellowship (2022-2023).<\/li><li><strong>Acknowledgments:<\/strong> Graduated among the top 10 in his class (Honorable Mention, 2014).<\/li><li><strong>Experience:<\/strong> Independent professional in plastic surgery, focused on body contouring, safe results and advanced technologies such as the use of normothermia.<\/li><li><strong>Update:<\/strong> Participation in more than 17 seminars, courses and diplomas.\u00a0<\/li><li><strong>Areas of Expertise: <\/strong>Aesthetic Plastic Surgery (body and face). <br \/>Advanced Body Sculpting (High Definition Liposculpture).<br \/>Safe procedures with state-of-the-art technology.\u00a0<\/li><\/ul><p>\u00a0<\/p><p>\u00a0<\/p><p><em>Her professional practice focuses on delivering natural and personalized results, with a strong commitment to patient safety.\u00a0<\/em><\/p><p>\u00a0<\/p>\t\t\t\t\t\t\t\t<\/div>\n\t\t\t\t<\/div>\n\t\t\t\t<div class=\"elementor-element elementor-element-9b9ab92 elementor-widget elementor-widget-spacer\" data-id=\"9b9ab92\" data-element_type=\"widget\" data-widget_type=\"spacer.default\">\n\t\t\t\t<div class=\"elementor-widget-container\">\n\t\t\t\t\t\t\t<div class=\"elementor-spacer\">\n\t\t\t<div class=\"elementor-spacer-inner\"><\/div>\n\t\t<\/div>\n\t\t\t\t\t\t<\/div>\n\t\t\t\t<\/div>\n\t\t\t\t\t<\/div>\n\t\t<\/div>\n\t\t\t\t<div class=\"elementor-column elementor-col-50 elementor-top-column elementor-element elementor-element-12adde88 elementor-invisible\" data-id=\"12adde88\" data-element_type=\"column\" data-settings=\"{&quot;background_background&quot;:&quot;classic&quot;,&quot;animation&quot;:&quot;fadeIn&quot;}\">\n\t\t\t<div class=\"elementor-widget-wrap\">\n\t\t\t\t\t<div class=\"elementor-background-overlay\"><\/div>\n\t\t\t\t\t\t\t<\/div>\n\t\t<\/div>\n\t\t\t\t\t<\/div>\n\t\t<\/section>\n\t\t\t\t<\/div>","protected":false},"excerpt":{"rendered":"<p>Dr. Jorge Benavides is a distinguished Colombian physician and plastic surgeon, a graduate of the National University of Colombia (2014) with honors. He specialized in Plastic Surgery (2017-2022) and was the first Colombian to complete the Total Definer Fellowship by Alfredo Hoyos in advanced body sculpting. Professional and Academic Profile: Education: Medical Doctor [\u2026]<\/p>","protected":false},"author":1,"featured_media":0,"parent":9013,"menu_order":0,"comment_status":"closed","ping_status":"closed","template":"","meta":{"footnotes":""},"class_list":["post-1745","page","type-page","status-publish","hentry"],"yoast_head":"<!-- This site is optimized with the Yoast SEO plugin v26.5 - https:\/\/yoast.com\/wordpress\/plugins\/seo\/ -->\n<title>Dr. Jorge Benavides - Radiance Plastic Surgery<\/title>\n<meta name=\"robots\" content=\"index, follow, max-snippet:-1, max-image-preview:large, max-video-preview:-1\" \/>\n<link rel=\"canonical\" href=\"https:\/\/radianceplasticsurgery.co\/en\/about-pages\/dr-silvia-romero\/\" \/>\n<meta property=\"og:locale\" content=\"en_US\" \/>\n<meta property=\"og:type\" content=\"article\" \/>\n<meta property=\"og:title\" content=\"Dr. Jorge Benavides - Radiance Plastic Surgery\" \/>\n<meta property=\"og:description\" content=\"Dr. Jorge Benavides El Dr. Jorge Benavides es un destacado m\u00e9dico y cirujano pl\u00e1stico colombiano, egresado de la Universidad Nacional de Colombia (2014) con menci\u00f3n honor\u00edfica. Especialista en Cirug\u00eda Pl\u00e1stica (2017-2022) y primer colombiano en completar el fellowship Total Definer by Alfredo Hoyos en escultura corporal avanzada.\u00a0 \u00a0 Perfil Profesional y Acad\u00e9mico: Educaci\u00f3n: M\u00e9dico Cirujano [&hellip;]\" \/>\n<meta property=\"og:url\" content=\"https:\/\/radianceplasticsurgery.co\/en\/about-pages\/dr-silvia-romero\/\" \/>\n<meta property=\"og:site_name\" content=\"Radiance Plastic Surgery\" \/>\n<meta property=\"article:publisher\" content=\"https:\/\/www.facebook.com\/Radianceplasticsurgeryco\" \/>\n<meta property=\"article:modified_time\" content=\"2026-03-05T16:03:07+00:00\" \/>\n<meta name=\"twitter:card\" content=\"summary_large_image\" \/>\n<meta name=\"twitter:label1\" content=\"Est. reading time\" \/>\n\t<meta name=\"twitter:data1\" content=\"1 minute\" \/>\n<script type=\"application\/ld+json\" class=\"yoast-schema-graph\">{\"@context\":\"https:\/\/schema.org\",\"@graph\":[{\"@type\":\"WebPage\",\"@id\":\"https:\/\/radianceplasticsurgery.co\/about-pages\/dr-silvia-romero\/\",\"url\":\"https:\/\/radianceplasticsurgery.co\/about-pages\/dr-silvia-romero\/\",\"name\":\"Dr. Jorge Benavides - Radiance Plastic Surgery\",\"isPartOf\":{\"@id\":\"https:\/\/radianceplasticsurgery.co\/#website\"},\"datePublished\":\"2021-05-10T10:46:24+00:00\",\"dateModified\":\"2026-03-05T16:03:07+00:00\",\"breadcrumb\":{\"@id\":\"https:\/\/radianceplasticsurgery.co\/about-pages\/dr-silvia-romero\/#breadcrumb\"},\"inLanguage\":\"en-US\",\"potentialAction\":[{\"@type\":\"ReadAction\",\"target\":[\"https:\/\/radianceplasticsurgery.co\/about-pages\/dr-silvia-romero\/\"]}]},{\"@type\":\"BreadcrumbList\",\"@id\":\"https:\/\/radianceplasticsurgery.co\/about-pages\/dr-silvia-romero\/#breadcrumb\",\"itemListElement\":[{\"@type\":\"ListItem\",\"position\":1,\"name\":\"Inicio\",\"item\":\"https:\/\/radianceplasticsurgery.co\/\"},{\"@type\":\"ListItem\",\"position\":2,\"name\":\"ABOUT PAGES\",\"item\":\"https:\/\/radianceplasticsurgery.co\/about-pages\/\"},{\"@type\":\"ListItem\",\"position\":3,\"name\":\"Dr. Jorge Benavides\"}]},{\"@type\":\"WebSite\",\"@id\":\"https:\/\/radianceplasticsurgery.co\/#website\",\"url\":\"https:\/\/radianceplasticsurgery.co\/\",\"name\":\"Radiance Plastic Surgery\",\"description\":\"\",\"publisher\":{\"@id\":\"https:\/\/radianceplasticsurgery.co\/#organization\"},\"potentialAction\":[{\"@type\":\"SearchAction\",\"target\":{\"@type\":\"EntryPoint\",\"urlTemplate\":\"https:\/\/radianceplasticsurgery.co\/?s={search_term_string}\"},\"query-input\":{\"@type\":\"PropertyValueSpecification\",\"valueRequired\":true,\"valueName\":\"search_term_string\"}}],\"inLanguage\":\"en-US\"},{\"@type\":\"Organization\",\"@id\":\"https:\/\/radianceplasticsurgery.co\/#organization\",\"name\":\"Radiance Plastic Surgery\",\"url\":\"https:\/\/radianceplasticsurgery.co\/\",\"logo\":{\"@type\":\"ImageObject\",\"inLanguage\":\"en-US\",\"@id\":\"https:\/\/radianceplasticsurgery.co\/#\/schema\/logo\/image\/\",\"url\":\"https:\/\/radianceplasticsurgery.co\/wp-content\/uploads\/2025\/05\/Carrusel-logo-2-min.jpg\",\"contentUrl\":\"https:\/\/radianceplasticsurgery.co\/wp-content\/uploads\/2025\/05\/Carrusel-logo-2-min.jpg\",\"width\":519,\"height\":428,\"caption\":\"Radiance Plastic Surgery\"},\"image\":{\"@id\":\"https:\/\/radianceplasticsurgery.co\/#\/schema\/logo\/image\/\"},\"sameAs\":[\"https:\/\/www.facebook.com\/Radianceplasticsurgeryco\",\"https:\/\/www.instagram.com\/radiance_colombia\/\"]}]}<\/script>\n<!-- \/ Yoast SEO plugin. -->","yoast_head_json":{"title":"Dr. Jorge Benavides - Radiance Plastic Surgery","robots":{"index":"index","follow":"follow","max-snippet":"max-snippet:-1","max-image-preview":"max-image-preview:large","max-video-preview":"max-video-preview:-1"},"canonical":"https:\/\/radianceplasticsurgery.co\/en\/about-pages\/dr-silvia-romero\/","og_locale":"en_US","og_type":"article","og_title":"Dr. Jorge Benavides - Radiance Plastic Surgery","og_description":"Dr. Jorge Benavides El Dr. Jorge Benavides es un destacado m\u00e9dico y cirujano pl\u00e1stico colombiano, egresado de la Universidad Nacional de Colombia (2014) con menci\u00f3n honor\u00edfica. Especialista en Cirug\u00eda Pl\u00e1stica (2017-2022) y primer colombiano en completar el fellowship Total Definer by Alfredo Hoyos en escultura corporal avanzada.\u00a0 \u00a0 Perfil Profesional y Acad\u00e9mico: Educaci\u00f3n: M\u00e9dico Cirujano [&hellip;]","og_url":"https:\/\/radianceplasticsurgery.co\/en\/about-pages\/dr-silvia-romero\/","og_site_name":"Radiance Plastic Surgery","article_publisher":"https:\/\/www.facebook.com\/Radianceplasticsurgeryco","article_modified_time":"2026-03-05T16:03:07+00:00","twitter_card":"summary_large_image","twitter_misc":{"Est. reading time":"1 minute"},"schema":{"@context":"https:\/\/schema.org","@graph":[{"@type":"WebPage","@id":"https:\/\/radianceplasticsurgery.co\/about-pages\/dr-silvia-romero\/","url":"https:\/\/radianceplasticsurgery.co\/about-pages\/dr-silvia-romero\/","name":"Dr. Jorge Benavides - Radiance Plastic Surgery","isPartOf":{"@id":"https:\/\/radianceplasticsurgery.co\/#website"},"datePublished":"2021-05-10T10:46:24+00:00","dateModified":"2026-03-05T16:03:07+00:00","breadcrumb":{"@id":"https:\/\/radianceplasticsurgery.co\/about-pages\/dr-silvia-romero\/#breadcrumb"},"inLanguage":"en-US","potentialAction":[{"@type":"ReadAction","target":["https:\/\/radianceplasticsurgery.co\/about-pages\/dr-silvia-romero\/"]}]},{"@type":"BreadcrumbList","@id":"https:\/\/radianceplasticsurgery.co\/about-pages\/dr-silvia-romero\/#breadcrumb","itemListElement":[{"@type":"ListItem","position":1,"name":"Inicio","item":"https:\/\/radianceplasticsurgery.co\/"},{"@type":"ListItem","position":2,"name":"ABOUT PAGES","item":"https:\/\/radianceplasticsurgery.co\/about-pages\/"},{"@type":"ListItem","position":3,"name":"Dr. Jorge Benavides"}]},{"@type":"WebSite","@id":"https:\/\/radianceplasticsurgery.co\/#website","url":"https:\/\/radianceplasticsurgery.co\/","name":"Radiance Plastic Surgery","description":"","publisher":{"@id":"https:\/\/radianceplasticsurgery.co\/#organization"},"potentialAction":[{"@type":"SearchAction","target":{"@type":"EntryPoint","urlTemplate":"https:\/\/radianceplasticsurgery.co\/?s={search_term_string}"},"query-input":{"@type":"PropertyValueSpecification","valueRequired":true,"valueName":"search_term_string"}}],"inLanguage":"en-US"},{"@type":"Organization","@id":"https:\/\/radianceplasticsurgery.co\/#organization","name":"Radiance Plastic Surgery","url":"https:\/\/radianceplasticsurgery.co\/","logo":{"@type":"ImageObject","inLanguage":"en-US","@id":"https:\/\/radianceplasticsurgery.co\/#\/schema\/logo\/image\/","url":"https:\/\/radianceplasticsurgery.co\/wp-content\/uploads\/2025\/05\/Carrusel-logo-2-min.jpg","contentUrl":"https:\/\/radianceplasticsurgery.co\/wp-content\/uploads\/2025\/05\/Carrusel-logo-2-min.jpg","width":519,"height":428,"caption":"Radiance Plastic Surgery"},"image":{"@id":"https:\/\/radianceplasticsurgery.co\/#\/schema\/logo\/image\/"},"sameAs":["https:\/\/www.facebook.com\/Radianceplasticsurgeryco","https:\/\/www.instagram.com\/radiance_colombia\/"]}]}},"_links":{"self":[{"href":"https:\/\/radianceplasticsurgery.co\/en\/wp-json\/wp\/v2\/pages\/1745","targetHints":{"allow":["GET"]}}],"collection":[{"href":"https:\/\/radianceplasticsurgery.co\/en\/wp-json\/wp\/v2\/pages"}],"about":[{"href":"https:\/\/radianceplasticsurgery.co\/en\/wp-json\/wp\/v2\/types\/page"}],"author":[{"embeddable":true,"href":"https:\/\/radianceplasticsurgery.co\/en\/wp-json\/wp\/v2\/users\/1"}],"replies":[{"embeddable":true,"href":"https:\/\/radianceplasticsurgery.co\/en\/wp-json\/wp\/v2\/comments?post=1745"}],"version-history":[{"count":33,"href":"https:\/\/radianceplasticsurgery.co\/en\/wp-json\/wp\/v2\/pages\/1745\/revisions"}],"predecessor-version":[{"id":13941,"href":"https:\/\/radianceplasticsurgery.co\/en\/wp-json\/wp\/v2\/pages\/1745\/revisions\/13941"}],"up":[{"embeddable":true,"href":"https:\/\/radianceplasticsurgery.co\/en\/wp-json\/wp\/v2\/pages\/9013"}],"wp:attachment":[{"href":"https:\/\/radianceplasticsurgery.co\/en\/wp-json\/wp\/v2\/media?parent=1745"}],"curies":[{"name":"wp","href":"https:\/\/api.w.org\/{rel}","templated":true}]}}