{"id":1680,"date":"2021-05-10T09:57:34","date_gmt":"2021-05-10T09:57:34","guid":{"rendered":"http:\/\/www.nicdarkthemes.com\/themes\/seafood\/wp\/demo\/restaurant\/?page_id=1680"},"modified":"2026-03-05T10:54:11","modified_gmt":"2026-03-05T15:54:11","slug":"contact-02","status":"publish","type":"page","link":"https:\/\/radianceplasticsurgery.co\/en\/contact-pages\/contact-02\/","title":{"rendered":"Contact 02"},"content":{"rendered":"<div data-elementor-type=\"wp-page\" data-elementor-id=\"1680\" class=\"elementor elementor-1680\" data-elementor-post-type=\"page\">\n\t\t\t\t\t\t<section class=\"elementor-section elementor-top-section elementor-element elementor-element-df26b5c elementor-section-stretched elementor-section-content-middle elementor-section-boxed elementor-section-height-default elementor-section-height-default\" data-id=\"df26b5c\" data-element_type=\"section\" data-settings=\"{&quot;stretch_section&quot;:&quot;section-stretched&quot;,&quot;background_background&quot;:&quot;classic&quot;}\">\n\t\t\t\t\t\t\t<div class=\"elementor-background-overlay\"><\/div>\n\t\t\t\t\t\t\t<div class=\"elementor-container elementor-column-gap-default\">\n\t\t\t\t\t<div class=\"elementor-column elementor-col-100 elementor-top-column elementor-element elementor-element-20558a88\" data-id=\"20558a88\" data-element_type=\"column\">\n\t\t\t<div class=\"elementor-widget-wrap elementor-element-populated\">\n\t\t\t\t\t\t<div class=\"elementor-element elementor-element-45cdbdb8 elementor-widget elementor-widget-heading\" data-id=\"45cdbdb8\" data-element_type=\"widget\" data-widget_type=\"heading.default\">\n\t\t\t\t<div class=\"elementor-widget-container\">\n\t\t\t\t\t<h1 class=\"elementor-heading-title elementor-size-default\">Contact us<\/h1>\t\t\t\t<\/div>\n\t\t\t\t<\/div>\n\t\t\t\t\t<\/div>\n\t\t<\/div>\n\t\t\t\t\t<\/div>\n\t\t<\/section>\n\t\t\t\t<section class=\"elementor-section elementor-top-section elementor-element elementor-element-2bfe03a5 elementor-section-stretched elementor-section-boxed elementor-section-height-default elementor-section-height-default\" data-id=\"2bfe03a5\" data-element_type=\"section\" data-settings=\"{&quot;stretch_section&quot;:&quot;section-stretched&quot;,&quot;background_background&quot;:&quot;classic&quot;}\">\n\t\t\t\t\t\t\t<div class=\"elementor-background-overlay\"><\/div>\n\t\t\t\t\t\t\t<div class=\"elementor-container elementor-column-gap-default\">\n\t\t\t\t\t<div class=\"elementor-column elementor-col-50 elementor-top-column elementor-element elementor-element-623633c1\" data-id=\"623633c1\" data-element_type=\"column\">\n\t\t\t<div class=\"elementor-widget-wrap elementor-element-populated\">\n\t\t\t\t\t\t<div class=\"elementor-element elementor-element-a47a2b8 elementor-tablet-align-center elementor-widget elementor-widget-button\" data-id=\"a47a2b8\" data-element_type=\"widget\" data-widget_type=\"button.default\">\n\t\t\t\t<div class=\"elementor-widget-container\">\n\t\t\t\t\t\t\t\t\t<div class=\"elementor-button-wrapper\">\n\t\t\t\t\t<a class=\"elementor-button elementor-button-link elementor-size-sm\" href=\"#\">\n\t\t\t\t\t\t<span class=\"elementor-button-content-wrapper\">\n\t\t\t\t\t\t\t\t\t<span class=\"elementor-button-text\">RADIANCE<\/span>\n\t\t\t\t\t<\/span>\n\t\t\t\t\t<\/a>\n\t\t\t\t<\/div>\n\t\t\t\t\t\t\t\t<\/div>\n\t\t\t\t<\/div>\n\t\t\t\t<div class=\"elementor-element elementor-element-725b3c58 elementor-widget elementor-widget-heading\" data-id=\"725b3c58\" data-element_type=\"widget\" data-widget_type=\"heading.default\">\n\t\t\t\t<div class=\"elementor-widget-container\">\n\t\t\t\t\t<h2 class=\"elementor-heading-title elementor-size-default\">Contact us<\/h2>\t\t\t\t<\/div>\n\t\t\t\t<\/div>\n\t\t\t\t<div class=\"elementor-element elementor-element-33929804 elementor-widget elementor-widget-heading\" data-id=\"33929804\" data-element_type=\"widget\" data-widget_type=\"heading.default\">\n\t\t\t\t<div class=\"elementor-widget-container\">\n\t\t\t\t\t<p class=\"elementor-heading-title elementor-size-default\">Trust us to enhance your beauty safely and professionally. Let&#039;s talk!<\/p>\t\t\t\t<\/div>\n\t\t\t\t<\/div>\n\t\t\t\t<section class=\"elementor-section elementor-inner-section elementor-element elementor-element-6ff8a3bc elementor-section-content-middle elementor-section-boxed elementor-section-height-default elementor-section-height-default\" data-id=\"6ff8a3bc\" data-element_type=\"section\">\n\t\t\t\t\t\t<div class=\"elementor-container elementor-column-gap-default\">\n\t\t\t\t\t<div class=\"elementor-column elementor-col-50 elementor-inner-column elementor-element elementor-element-2aace07\" data-id=\"2aace07\" data-element_type=\"column\">\n\t\t\t<div class=\"elementor-widget-wrap elementor-element-populated\">\n\t\t\t\t\t\t<div class=\"elementor-element elementor-element-44b4ced elementor-widget elementor-widget-heading\" data-id=\"44b4ced\" data-element_type=\"widget\" data-widget_type=\"heading.default\">\n\t\t\t\t<div class=\"elementor-widget-container\">\n\t\t\t\t\t<h6 class=\"elementor-heading-title elementor-size-default\">BUSINESS HOURS:<\/h6>\t\t\t\t<\/div>\n\t\t\t\t<\/div>\n\t\t\t\t\t<\/div>\n\t\t<\/div>\n\t\t\t\t<div class=\"elementor-column elementor-col-50 elementor-inner-column elementor-element elementor-element-209e5fac\" data-id=\"209e5fac\" data-element_type=\"column\">\n\t\t\t<div class=\"elementor-widget-wrap elementor-element-populated\">\n\t\t\t\t\t\t<div class=\"elementor-element elementor-element-1818ef5f elementor-widget__width-initial elementor-widget elementor-widget-heading\" data-id=\"1818ef5f\" data-element_type=\"widget\" data-widget_type=\"heading.default\">\n\t\t\t\t<div class=\"elementor-widget-container\">\n\t\t\t\t\t<p class=\"elementor-heading-title elementor-size-default\">MON - FRI 8:00 - 17:00 \/ SAT 8:00 - 13:00<\/p>\t\t\t\t<\/div>\n\t\t\t\t<\/div>\n\t\t\t\t\t<\/div>\n\t\t<\/div>\n\t\t\t\t\t<\/div>\n\t\t<\/section>\n\t\t\t\t<section class=\"elementor-section elementor-inner-section elementor-element elementor-element-582dc9a elementor-section-content-middle elementor-section-boxed elementor-section-height-default elementor-section-height-default\" data-id=\"582dc9a\" data-element_type=\"section\">\n\t\t\t\t\t\t<div class=\"elementor-container elementor-column-gap-default\">\n\t\t\t\t\t<div class=\"elementor-column elementor-col-50 elementor-inner-column elementor-element elementor-element-1119fa01\" data-id=\"1119fa01\" data-element_type=\"column\">\n\t\t\t<div class=\"elementor-widget-wrap elementor-element-populated\">\n\t\t\t\t\t\t<div class=\"elementor-element elementor-element-4a5ffc3 elementor-widget elementor-widget-heading\" data-id=\"4a5ffc3\" data-element_type=\"widget\" data-widget_type=\"heading.default\">\n\t\t\t\t<div class=\"elementor-widget-container\">\n\t\t\t\t\t<h6 class=\"elementor-heading-title elementor-size-default\">ADDRESS:<\/h6>\t\t\t\t<\/div>\n\t\t\t\t<\/div>\n\t\t\t\t\t<\/div>\n\t\t<\/div>\n\t\t\t\t<div class=\"elementor-column elementor-col-50 elementor-inner-column elementor-element elementor-element-7a2893b9\" data-id=\"7a2893b9\" data-element_type=\"column\">\n\t\t\t<div class=\"elementor-widget-wrap elementor-element-populated\">\n\t\t\t\t\t\t<div class=\"elementor-element elementor-element-4d7211eb elementor-widget elementor-widget-heading\" data-id=\"4d7211eb\" data-element_type=\"widget\" data-widget_type=\"heading.default\">\n\t\t\t\t<div class=\"elementor-widget-container\">\n\t\t\t\t\t<p class=\"elementor-heading-title elementor-size-default\"><a href=\"https:\/\/www.google.com\/maps\/dir\/\/Cra.+25a+%231-31+El+Poblado+Medell%C3%ADn,+El+Poblado,+Medell%C3%ADn,+Antioquia\/@6.1977006,-75.5574748,15z\/data=!4m5!4m4!1m0!1m2!1m1!1s0x8e4683d3a12640a7:0x2ae3edbaa1f5c5ea\">Cra 25A No 1-31 - Office 812<\/a><\/p>\t\t\t\t<\/div>\n\t\t\t\t<\/div>\n\t\t\t\t\t<\/div>\n\t\t<\/div>\n\t\t\t\t\t<\/div>\n\t\t<\/section>\n\t\t\t\t<section class=\"elementor-section elementor-inner-section elementor-element elementor-element-31b3764 elementor-section-content-middle elementor-section-boxed elementor-section-height-default elementor-section-height-default\" data-id=\"31b3764\" data-element_type=\"section\">\n\t\t\t\t\t\t<div class=\"elementor-container elementor-column-gap-default\">\n\t\t\t\t\t<div class=\"elementor-column elementor-col-50 elementor-inner-column elementor-element elementor-element-55d1da02\" data-id=\"55d1da02\" data-element_type=\"column\">\n\t\t\t<div class=\"elementor-widget-wrap elementor-element-populated\">\n\t\t\t\t\t\t<div class=\"elementor-element elementor-element-65e1776 elementor-widget elementor-widget-heading\" data-id=\"65e1776\" data-element_type=\"widget\" data-widget_type=\"heading.default\">\n\t\t\t\t<div class=\"elementor-widget-container\">\n\t\t\t\t\t<h6 class=\"elementor-heading-title elementor-size-default\">PHONE :<\/h6>\t\t\t\t<\/div>\n\t\t\t\t<\/div>\n\t\t\t\t\t<\/div>\n\t\t<\/div>\n\t\t\t\t<div class=\"elementor-column elementor-col-50 elementor-inner-column elementor-element elementor-element-7da44eaa\" data-id=\"7da44eaa\" data-element_type=\"column\">\n\t\t\t<div class=\"elementor-widget-wrap elementor-element-populated\">\n\t\t\t\t\t\t<div class=\"elementor-element elementor-element-2fd67b50 elementor-widget elementor-widget-heading\" data-id=\"2fd67b50\" data-element_type=\"widget\" data-widget_type=\"heading.default\">\n\t\t\t\t<div class=\"elementor-widget-container\">\n\t\t\t\t\t<p class=\"elementor-heading-title elementor-size-default\"><a href=\"tel:573118324191\">(57+) 302 2941247<\/a><\/p>\t\t\t\t<\/div>\n\t\t\t\t<\/div>\n\t\t\t\t\t<\/div>\n\t\t<\/div>\n\t\t\t\t\t<\/div>\n\t\t<\/section>\n\t\t\t\t\t<\/div>\n\t\t<\/div>\n\t\t\t\t<div class=\"elementor-column elementor-col-50 elementor-top-column elementor-element elementor-element-7daa58be\" data-id=\"7daa58be\" data-element_type=\"column\" data-settings=\"{&quot;background_background&quot;:&quot;classic&quot;}\">\n\t\t\t<div class=\"elementor-widget-wrap elementor-element-populated\">\n\t\t\t\t\t\t<div class=\"elementor-element elementor-element-7caf7cd2 elementor-widget elementor-widget-google_maps\" data-id=\"7caf7cd2\" data-element_type=\"widget\" data-widget_type=\"google_maps.default\">\n\t\t\t\t<div class=\"elementor-widget-container\">\n\t\t\t\t\t\t\t<div class=\"elementor-custom-embed\">\n\t\t\t<iframe loading=\"lazy\"\n\t\t\t\t\tsrc=\"https:\/\/maps.google.com\/maps?q=Cra.%2025a%20%231-31&#038;t=m&#038;z=15&#038;output=embed&#038;iwloc=near\"\n\t\t\t\t\ttitle=\"Cra. 25a #1-31\"\n\t\t\t\t\taria-label=\"Cra. 25a #1-31\"\n\t\t\t><\/iframe>\n\t\t<\/div>\n\t\t\t\t\t\t<\/div>\n\t\t\t\t<\/div>\n\t\t\t\t\t<\/div>\n\t\t<\/div>\n\t\t\t\t\t<\/div>\n\t\t<\/section>\n\t\t\t\t<\/div>","protected":false},"excerpt":{"rendered":"<p>Contact us RADIANCE Contact us Trust us to enhance your beauty safely and professionally. Let&#039;s talk! HOURS OF OPERATION: MON \u2013 FRI 8:00 \u2013 17:00 \/ SAT 8:00 \u2013 13:00 ADDRESS: Cra 25A No 1-31 \u2013 Office 812 PHONE: (57+) 302 2941247<\/p>","protected":false},"author":1,"featured_media":0,"parent":9015,"menu_order":0,"comment_status":"closed","ping_status":"closed","template":"","meta":{"footnotes":""},"class_list":["post-1680","page","type-page","status-publish","hentry"],"yoast_head":"<!-- This site is optimized with the Yoast SEO plugin v26.5 - https:\/\/yoast.com\/wordpress\/plugins\/seo\/ -->\n<title>Contact 02 - Radiance Plastic Surgery<\/title>\n<meta name=\"robots\" content=\"index, follow, max-snippet:-1, max-image-preview:large, max-video-preview:-1\" \/>\n<link rel=\"canonical\" href=\"https:\/\/radianceplasticsurgery.co\/en\/contact-pages\/contact-02\/\" \/>\n<meta property=\"og:locale\" content=\"en_US\" \/>\n<meta property=\"og:type\" content=\"article\" \/>\n<meta property=\"og:title\" content=\"Contact 02 - Radiance Plastic Surgery\" \/>\n<meta property=\"og:description\" content=\"Cont\u00e1ctanos RADIANCE Cont\u00e1ctanos Conf\u00eda en nosotros para realzar tu belleza de forma segura y profesional. \u00a1Hablemos! HORARIO DE ATENCI\u00d3N: LUN &#8211; VIE 8:00 &#8211; 17:00 \/ S\u00c1B 8:00 &#8211; 13:00 DIRECCI\u00d3N: Cra 25A No 1-31 &#8211; Consultorio 812 TELEFONO : (57+) 302 2941247\" \/>\n<meta property=\"og:url\" content=\"https:\/\/radianceplasticsurgery.co\/en\/contact-pages\/contact-02\/\" \/>\n<meta property=\"og:site_name\" content=\"Radiance Plastic Surgery\" \/>\n<meta property=\"article:publisher\" content=\"https:\/\/www.facebook.com\/Radianceplasticsurgeryco\" \/>\n<meta property=\"article:modified_time\" content=\"2026-03-05T15:54:11+00:00\" \/>\n<meta name=\"twitter:card\" content=\"summary_large_image\" \/>\n<meta name=\"twitter:label1\" content=\"Est. reading time\" \/>\n\t<meta name=\"twitter:data1\" content=\"1 minute\" \/>\n<script type=\"application\/ld+json\" class=\"yoast-schema-graph\">{\"@context\":\"https:\/\/schema.org\",\"@graph\":[{\"@type\":\"WebPage\",\"@id\":\"https:\/\/radianceplasticsurgery.co\/contact-pages\/contact-02\/\",\"url\":\"https:\/\/radianceplasticsurgery.co\/contact-pages\/contact-02\/\",\"name\":\"Contact 02 - Radiance Plastic Surgery\",\"isPartOf\":{\"@id\":\"https:\/\/radianceplasticsurgery.co\/#website\"},\"datePublished\":\"2021-05-10T09:57:34+00:00\",\"dateModified\":\"2026-03-05T15:54:11+00:00\",\"breadcrumb\":{\"@id\":\"https:\/\/radianceplasticsurgery.co\/contact-pages\/contact-02\/#breadcrumb\"},\"inLanguage\":\"en-US\",\"potentialAction\":[{\"@type\":\"ReadAction\",\"target\":[\"https:\/\/radianceplasticsurgery.co\/contact-pages\/contact-02\/\"]}]},{\"@type\":\"BreadcrumbList\",\"@id\":\"https:\/\/radianceplasticsurgery.co\/contact-pages\/contact-02\/#breadcrumb\",\"itemListElement\":[{\"@type\":\"ListItem\",\"position\":1,\"name\":\"Inicio\",\"item\":\"https:\/\/radianceplasticsurgery.co\/\"},{\"@type\":\"ListItem\",\"position\":2,\"name\":\"CONTACT PAGES\",\"item\":\"https:\/\/radianceplasticsurgery.co\/contact-pages\/\"},{\"@type\":\"ListItem\",\"position\":3,\"name\":\"Contact 02\"}]},{\"@type\":\"WebSite\",\"@id\":\"https:\/\/radianceplasticsurgery.co\/#website\",\"url\":\"https:\/\/radianceplasticsurgery.co\/\",\"name\":\"Radiance Plastic Surgery\",\"description\":\"\",\"publisher\":{\"@id\":\"https:\/\/radianceplasticsurgery.co\/#organization\"},\"potentialAction\":[{\"@type\":\"SearchAction\",\"target\":{\"@type\":\"EntryPoint\",\"urlTemplate\":\"https:\/\/radianceplasticsurgery.co\/?s={search_term_string}\"},\"query-input\":{\"@type\":\"PropertyValueSpecification\",\"valueRequired\":true,\"valueName\":\"search_term_string\"}}],\"inLanguage\":\"en-US\"},{\"@type\":\"Organization\",\"@id\":\"https:\/\/radianceplasticsurgery.co\/#organization\",\"name\":\"Radiance Plastic Surgery\",\"url\":\"https:\/\/radianceplasticsurgery.co\/\",\"logo\":{\"@type\":\"ImageObject\",\"inLanguage\":\"en-US\",\"@id\":\"https:\/\/radianceplasticsurgery.co\/#\/schema\/logo\/image\/\",\"url\":\"https:\/\/radianceplasticsurgery.co\/wp-content\/uploads\/2025\/05\/Carrusel-logo-2-min.jpg\",\"contentUrl\":\"https:\/\/radianceplasticsurgery.co\/wp-content\/uploads\/2025\/05\/Carrusel-logo-2-min.jpg\",\"width\":519,\"height\":428,\"caption\":\"Radiance Plastic Surgery\"},\"image\":{\"@id\":\"https:\/\/radianceplasticsurgery.co\/#\/schema\/logo\/image\/\"},\"sameAs\":[\"https:\/\/www.facebook.com\/Radianceplasticsurgeryco\",\"https:\/\/www.instagram.com\/radiance_colombia\/\"]}]}<\/script>\n<!-- \/ Yoast SEO plugin. -->","yoast_head_json":{"title":"Contact 02 - Radiance Plastic Surgery","robots":{"index":"index","follow":"follow","max-snippet":"max-snippet:-1","max-image-preview":"max-image-preview:large","max-video-preview":"max-video-preview:-1"},"canonical":"https:\/\/radianceplasticsurgery.co\/en\/contact-pages\/contact-02\/","og_locale":"en_US","og_type":"article","og_title":"Contact 02 - Radiance Plastic Surgery","og_description":"Cont\u00e1ctanos RADIANCE Cont\u00e1ctanos Conf\u00eda en nosotros para realzar tu belleza de forma segura y profesional. \u00a1Hablemos! HORARIO DE ATENCI\u00d3N: LUN &#8211; VIE 8:00 &#8211; 17:00 \/ S\u00c1B 8:00 &#8211; 13:00 DIRECCI\u00d3N: Cra 25A No 1-31 &#8211; Consultorio 812 TELEFONO : (57+) 302 2941247","og_url":"https:\/\/radianceplasticsurgery.co\/en\/contact-pages\/contact-02\/","og_site_name":"Radiance Plastic Surgery","article_publisher":"https:\/\/www.facebook.com\/Radianceplasticsurgeryco","article_modified_time":"2026-03-05T15:54:11+00:00","twitter_card":"summary_large_image","twitter_misc":{"Est. reading time":"1 minute"},"schema":{"@context":"https:\/\/schema.org","@graph":[{"@type":"WebPage","@id":"https:\/\/radianceplasticsurgery.co\/contact-pages\/contact-02\/","url":"https:\/\/radianceplasticsurgery.co\/contact-pages\/contact-02\/","name":"Contact 02 - Radiance Plastic Surgery","isPartOf":{"@id":"https:\/\/radianceplasticsurgery.co\/#website"},"datePublished":"2021-05-10T09:57:34+00:00","dateModified":"2026-03-05T15:54:11+00:00","breadcrumb":{"@id":"https:\/\/radianceplasticsurgery.co\/contact-pages\/contact-02\/#breadcrumb"},"inLanguage":"en-US","potentialAction":[{"@type":"ReadAction","target":["https:\/\/radianceplasticsurgery.co\/contact-pages\/contact-02\/"]}]},{"@type":"BreadcrumbList","@id":"https:\/\/radianceplasticsurgery.co\/contact-pages\/contact-02\/#breadcrumb","itemListElement":[{"@type":"ListItem","position":1,"name":"Inicio","item":"https:\/\/radianceplasticsurgery.co\/"},{"@type":"ListItem","position":2,"name":"CONTACT PAGES","item":"https:\/\/radianceplasticsurgery.co\/contact-pages\/"},{"@type":"ListItem","position":3,"name":"Contact 02"}]},{"@type":"WebSite","@id":"https:\/\/radianceplasticsurgery.co\/#website","url":"https:\/\/radianceplasticsurgery.co\/","name":"Radiance Plastic Surgery","description":"","publisher":{"@id":"https:\/\/radianceplasticsurgery.co\/#organization"},"potentialAction":[{"@type":"SearchAction","target":{"@type":"EntryPoint","urlTemplate":"https:\/\/radianceplasticsurgery.co\/?s={search_term_string}"},"query-input":{"@type":"PropertyValueSpecification","valueRequired":true,"valueName":"search_term_string"}}],"inLanguage":"en-US"},{"@type":"Organization","@id":"https:\/\/radianceplasticsurgery.co\/#organization","name":"Radiance Plastic Surgery","url":"https:\/\/radianceplasticsurgery.co\/","logo":{"@type":"ImageObject","inLanguage":"en-US","@id":"https:\/\/radianceplasticsurgery.co\/#\/schema\/logo\/image\/","url":"https:\/\/radianceplasticsurgery.co\/wp-content\/uploads\/2025\/05\/Carrusel-logo-2-min.jpg","contentUrl":"https:\/\/radianceplasticsurgery.co\/wp-content\/uploads\/2025\/05\/Carrusel-logo-2-min.jpg","width":519,"height":428,"caption":"Radiance Plastic Surgery"},"image":{"@id":"https:\/\/radianceplasticsurgery.co\/#\/schema\/logo\/image\/"},"sameAs":["https:\/\/www.facebook.com\/Radianceplasticsurgeryco","https:\/\/www.instagram.com\/radiance_colombia\/"]}]}},"_links":{"self":[{"href":"https:\/\/radianceplasticsurgery.co\/en\/wp-json\/wp\/v2\/pages\/1680","targetHints":{"allow":["GET"]}}],"collection":[{"href":"https:\/\/radianceplasticsurgery.co\/en\/wp-json\/wp\/v2\/pages"}],"about":[{"href":"https:\/\/radianceplasticsurgery.co\/en\/wp-json\/wp\/v2\/types\/page"}],"author":[{"embeddable":true,"href":"https:\/\/radianceplasticsurgery.co\/en\/wp-json\/wp\/v2\/users\/1"}],"replies":[{"embeddable":true,"href":"https:\/\/radianceplasticsurgery.co\/en\/wp-json\/wp\/v2\/comments?post=1680"}],"version-history":[{"count":27,"href":"https:\/\/radianceplasticsurgery.co\/en\/wp-json\/wp\/v2\/pages\/1680\/revisions"}],"predecessor-version":[{"id":13936,"href":"https:\/\/radianceplasticsurgery.co\/en\/wp-json\/wp\/v2\/pages\/1680\/revisions\/13936"}],"up":[{"embeddable":true,"href":"https:\/\/radianceplasticsurgery.co\/en\/wp-json\/wp\/v2\/pages\/9015"}],"wp:attachment":[{"href":"https:\/\/radianceplasticsurgery.co\/en\/wp-json\/wp\/v2\/media?parent=1680"}],"curies":[{"name":"wp","href":"https:\/\/api.w.org\/{rel}","templated":true}]}}