{"id":13545,"date":"2025-05-29T11:10:57","date_gmt":"2025-05-29T16:10:57","guid":{"rendered":"https:\/\/makersdigital.co\/radiance\/?page_id=13545"},"modified":"2026-03-05T11:12:24","modified_gmt":"2026-03-05T16:12:24","slug":"procedimiento-armonizacion-facial","status":"publish","type":"page","link":"https:\/\/radianceplasticsurgery.co\/en\/about-pages\/procedimiento-armonizacion-facial\/","title":{"rendered":"Facial Harmonization Procedure"},"content":{"rendered":"<div data-elementor-type=\"wp-page\" data-elementor-id=\"13545\" class=\"elementor elementor-13545\" data-elementor-post-type=\"page\">\n\t\t\t\t\t\t<section class=\"elementor-section elementor-top-section elementor-element elementor-element-f3be93c elementor-section-stretched elementor-section-content-middle elementor-section-boxed elementor-section-height-default elementor-section-height-default\" data-id=\"f3be93c\" data-element_type=\"section\" data-settings=\"{&quot;stretch_section&quot;:&quot;section-stretched&quot;,&quot;background_background&quot;:&quot;classic&quot;}\">\n\t\t\t\t\t\t\t<div class=\"elementor-background-overlay\"><\/div>\n\t\t\t\t\t\t\t<div class=\"elementor-container elementor-column-gap-default\">\n\t\t\t\t\t<div class=\"elementor-column elementor-col-100 elementor-top-column elementor-element elementor-element-c50f8ac\" data-id=\"c50f8ac\" data-element_type=\"column\">\n\t\t\t<div class=\"elementor-widget-wrap elementor-element-populated\">\n\t\t\t\t\t\t<div class=\"elementor-element elementor-element-2b2bce58 elementor-widget elementor-widget-heading\" data-id=\"2b2bce58\" data-element_type=\"widget\" data-widget_type=\"heading.default\">\n\t\t\t\t<div class=\"elementor-widget-container\">\n\t\t\t\t\t<h1 class=\"elementor-heading-title elementor-size-default\">Facial Harmonization<\/h1>\t\t\t\t<\/div>\n\t\t\t\t<\/div>\n\t\t\t\t\t<\/div>\n\t\t<\/div>\n\t\t\t\t\t<\/div>\n\t\t<\/section>\n\t\t\t\t<section class=\"elementor-section elementor-top-section elementor-element elementor-element-3ef657f8 elementor-section-content-middle elementor-section-full_width elementor-section-stretched elementor-section-height-default elementor-section-height-default\" data-id=\"3ef657f8\" data-element_type=\"section\" data-settings=\"{&quot;stretch_section&quot;:&quot;section-stretched&quot;}\">\n\t\t\t\t\t\t<div class=\"elementor-container elementor-column-gap-default\">\n\t\t\t\t\t<div class=\"elementor-column elementor-col-50 elementor-top-column elementor-element elementor-element-6769bcc3\" data-id=\"6769bcc3\" data-element_type=\"column\" data-settings=\"{&quot;background_background&quot;:&quot;classic&quot;}\">\n\t\t\t<div class=\"elementor-widget-wrap elementor-element-populated\">\n\t\t\t\t\t\t<div class=\"elementor-element elementor-element-b0c542b elementor-widget elementor-widget-image\" data-id=\"b0c542b\" data-element_type=\"widget\" data-widget_type=\"image.default\">\n\t\t\t\t<div class=\"elementor-widget-container\">\n\t\t\t\t\t\t\t\t\t\t\t\t\t\t\t<img fetchpriority=\"high\" decoding=\"async\" width=\"906\" height=\"1600\" src=\"https:\/\/radianceplasticsurgery.co\/wp-content\/uploads\/2026\/03\/WhatsApp-Image-2026-03-05-at-11.04.48-AM.jpeg\" class=\"attachment-full size-full wp-image-13945\" alt=\"\" srcset=\"https:\/\/radianceplasticsurgery.co\/wp-content\/uploads\/2026\/03\/WhatsApp-Image-2026-03-05-at-11.04.48-AM.jpeg 906w, https:\/\/radianceplasticsurgery.co\/wp-content\/uploads\/2026\/03\/WhatsApp-Image-2026-03-05-at-11.04.48-AM-170x300.jpeg 170w, https:\/\/radianceplasticsurgery.co\/wp-content\/uploads\/2026\/03\/WhatsApp-Image-2026-03-05-at-11.04.48-AM-580x1024.jpeg 580w, https:\/\/radianceplasticsurgery.co\/wp-content\/uploads\/2026\/03\/WhatsApp-Image-2026-03-05-at-11.04.48-AM-768x1356.jpeg 768w, https:\/\/radianceplasticsurgery.co\/wp-content\/uploads\/2026\/03\/WhatsApp-Image-2026-03-05-at-11.04.48-AM-870x1536.jpeg 870w, https:\/\/radianceplasticsurgery.co\/wp-content\/uploads\/2026\/03\/WhatsApp-Image-2026-03-05-at-11.04.48-AM-7x12.jpeg 7w\" sizes=\"(max-width: 906px) 100vw, 906px\" \/>\t\t\t\t\t\t\t\t\t\t\t\t\t\t\t<\/div>\n\t\t\t\t<\/div>\n\t\t<div class=\"elementor-element elementor-element-d899cc8 e-flex e-con-boxed e-con e-parent\" data-id=\"d899cc8\" data-element_type=\"container\">\n\t\t\t\t\t<div class=\"e-con-inner\">\n\t\t<div class=\"elementor-element elementor-element-f96f50c e-con-full e-flex e-con e-child\" data-id=\"f96f50c\" data-element_type=\"container\" data-settings=\"{&quot;background_background&quot;:&quot;classic&quot;}\">\n\t\t\t\t<div class=\"elementor-element elementor-element-9f9d1f5 elementor-align-center elementor-widget elementor-widget-button\" data-id=\"9f9d1f5\" data-element_type=\"widget\" data-widget_type=\"button.default\">\n\t\t\t\t<div class=\"elementor-widget-container\">\n\t\t\t\t\t\t\t\t\t<div class=\"elementor-button-wrapper\">\n\t\t\t\t\t<a class=\"elementor-button elementor-button-link elementor-size-sm\" href=\"https:\/\/api.whatsapp.com\/send\/?phone=573118324191&#038;text=Hola%2C%20quiero%20mas%20informaci%C3%B3n%20sobre%20*Armonizaci%C3%B3n%20Facial*&#038;type=phone_number&#038;app_absent=0\" id=\"Clictochat\">\n\t\t\t\t\t\t<span class=\"elementor-button-content-wrapper\">\n\t\t\t\t\t\t<span class=\"elementor-button-icon\">\n\t\t\t\t<svg aria-hidden=\"true\" class=\"e-font-icon-svg e-fas-arrow-circle-right\" viewbox=\"0 0 512 512\" xmlns=\"http:\/\/www.w3.org\/2000\/svg\"><path d=\"M256 8c137 0 248 111 248 248S393 504 256 504 8 393 8 256 119 8 256 8zm-28.9 143.6l75.5 72.4H120c-13.3 0-24 10.7-24 24v16c0 13.3 10.7 24 24 24h182.6l-75.5 72.4c-9.7 9.3-9.9 24.8-.4 34.3l11 10.9c9.4 9.4 24.6 9.4 33.9 0L404.3 273c9.4-9.4 9.4-24.6 0-33.9L271.6 106.3c-9.4-9.4-24.6-9.4-33.9 0l-11 10.9c-9.5 9.6-9.3 25.1.4 34.4z\"><\/path><\/svg>\t\t\t<\/span>\n\t\t\t\t\t\t\t\t\t<span class=\"elementor-button-text\">Contact<\/span>\n\t\t\t\t\t<\/span>\n\t\t\t\t\t<\/a>\n\t\t\t\t<\/div>\n\t\t\t\t\t\t\t\t<\/div>\n\t\t\t\t<\/div>\n\t\t\t\t<\/div>\n\t\t\t\t\t<\/div>\n\t\t\t\t<\/div>\n\t\t<div class=\"elementor-element elementor-element-6c43a65 e-flex e-con-boxed e-con e-parent\" data-id=\"6c43a65\" data-element_type=\"container\">\n\t\t\t\t\t<div class=\"e-con-inner\">\n\t\t<div class=\"elementor-element elementor-element-cdc08ed e-con-full e-flex e-con e-child\" data-id=\"cdc08ed\" data-element_type=\"container\">\n\t\t<div class=\"elementor-element elementor-element-eb42251 e-con-full e-flex e-con e-child\" data-id=\"eb42251\" data-element_type=\"container\">\n\t\t\t\t<div class=\"elementor-element elementor-element-91e6f36 elementor-widget elementor-widget-html\" data-id=\"91e6f36\" data-element_type=\"widget\" data-widget_type=\"html.default\">\n\t\t\t\t<div class=\"elementor-widget-container\">\n\t\t\t\t\t<i class=\"flaticon-consultation\"><\/i>\t\t\t\t<\/div>\n\t\t\t\t<\/div>\n\t\t\t\t<\/div>\n\t\t\t\t<\/div>\n\t\t\t\t\t<\/div>\n\t\t\t\t<\/div>\n\t\t\t\t\t<\/div>\n\t\t<\/div>\n\t\t\t\t<div class=\"elementor-column elementor-col-50 elementor-top-column elementor-element elementor-element-5ecd0adf\" data-id=\"5ecd0adf\" data-element_type=\"column\">\n\t\t\t<div class=\"elementor-widget-wrap elementor-element-populated\">\n\t\t\t\t\t\t<div class=\"elementor-element elementor-element-aae38b2 elementor-widget elementor-widget-heading\" data-id=\"aae38b2\" data-element_type=\"widget\" data-widget_type=\"heading.default\">\n\t\t\t\t<div class=\"elementor-widget-container\">\n\t\t\t\t\t<p class=\"elementor-heading-title elementor-size-default\">It consists of the placement <b><i>of facial implants<\/i><\/b>To improve facial symmetry and harmonization, masculinize or feminize, define the mandibular or malar area. \n<\/p>\t\t\t\t<\/div>\n\t\t\t\t<\/div>\n\t\t<div class=\"elementor-element elementor-element-4101a97 e-flex e-con-boxed e-con e-parent\" data-id=\"4101a97\" data-element_type=\"container\" data-settings=\"{&quot;background_background&quot;:&quot;classic&quot;}\">\n\t\t\t\t\t<div class=\"e-con-inner\">\n\t\t<div class=\"elementor-element elementor-element-10a4379 e-con-full e-flex e-con e-child\" data-id=\"10a4379\" data-element_type=\"container\">\n\t\t<div class=\"elementor-element elementor-element-84000fd e-con-full e-flex e-con e-child\" data-id=\"84000fd\" data-element_type=\"container\">\n\t\t\t\t<div class=\"elementor-element elementor-element-bda5a12 elementor-widget elementor-widget-heading\" data-id=\"bda5a12\" data-element_type=\"widget\" data-widget_type=\"heading.default\">\n\t\t\t\t<div class=\"elementor-widget-container\">\n\t\t\t\t\t<h2 class=\"elementor-heading-title elementor-size-default\">30\n<br>days<\/h2>\t\t\t\t<\/div>\n\t\t\t\t<\/div>\n\t\t\t\t<div class=\"elementor-element elementor-element-0489298 elementor-widget elementor-widget-heading\" data-id=\"0489298\" data-element_type=\"widget\" data-widget_type=\"heading.default\">\n\t\t\t\t<div class=\"elementor-widget-container\">\n\t\t\t\t\t<h2 class=\"elementor-heading-title elementor-size-default\">Initial recovery<\/h2>\t\t\t\t<\/div>\n\t\t\t\t<\/div>\n\t\t\t\t<\/div>\n\t\t<div class=\"elementor-element elementor-element-b295eb3 e-con-full e-flex e-con e-child\" data-id=\"b295eb3\" data-element_type=\"container\">\n\t\t\t\t<div class=\"elementor-element elementor-element-5248ebf elementor-widget elementor-widget-heading\" data-id=\"5248ebf\" data-element_type=\"widget\" data-widget_type=\"heading.default\">\n\t\t\t\t<div class=\"elementor-widget-container\">\n\t\t\t\t\t<h2 class=\"elementor-heading-title elementor-size-default\">3 <br>Months<\/h2>\t\t\t\t<\/div>\n\t\t\t\t<\/div>\n\t\t\t\t<div class=\"elementor-element elementor-element-9a5736a elementor-widget elementor-widget-heading\" data-id=\"9a5736a\" data-element_type=\"widget\" data-widget_type=\"heading.default\">\n\t\t\t\t<div class=\"elementor-widget-container\">\n\t\t\t\t\t<h2 class=\"elementor-heading-title elementor-size-default\">Total recovery<\/h2>\t\t\t\t<\/div>\n\t\t\t\t<\/div>\n\t\t\t\t<\/div>\n\t\t\t\t<\/div>\n\t\t\t\t\t<\/div>\n\t\t\t\t<\/div>\n\t\t<div class=\"elementor-element elementor-element-f3fed7d e-flex e-con-boxed e-con e-parent\" data-id=\"f3fed7d\" data-element_type=\"container\">\n\t\t\t\t\t<div class=\"e-con-inner\">\n\t\t<div class=\"elementor-element elementor-element-177e49a e-con-full e-flex e-con e-child\" data-id=\"177e49a\" data-element_type=\"container\">\n\t\t\t\t<div class=\"elementor-element elementor-element-4500dc8 elementor-widget elementor-widget-html\" data-id=\"4500dc8\" data-element_type=\"widget\" data-widget_type=\"html.default\">\n\t\t\t\t<div class=\"elementor-widget-container\">\n\t\t\t\t\t<i class=\"flaticon-consultation\"><\/i>\t\t\t\t<\/div>\n\t\t\t\t<\/div>\n\t\t<div class=\"elementor-element elementor-element-6d96049 e-con-full e-flex e-con e-child\" data-id=\"6d96049\" data-element_type=\"container\" data-settings=\"{&quot;background_background&quot;:&quot;classic&quot;}\">\n\t\t\t\t<div class=\"elementor-element elementor-element-65371a6 elementor-widget elementor-widget-image\" data-id=\"65371a6\" data-element_type=\"widget\" data-widget_type=\"image.default\">\n\t\t\t\t<div class=\"elementor-widget-container\">\n\t\t\t\t\t\t\t\t\t\t\t\t\t\t\t<img decoding=\"async\" width=\"402\" height=\"363\" src=\"https:\/\/radianceplasticsurgery.co\/wp-content\/uploads\/2025\/05\/Icono-Cuidados.svg\" class=\"attachment-full size-full wp-image-13320\" alt=\"\" \/>\t\t\t\t\t\t\t\t\t\t\t\t\t\t\t<\/div>\n\t\t\t\t<\/div>\n\t\t\t\t<div class=\"elementor-element elementor-element-9721f7d elementor-widget elementor-widget-heading\" data-id=\"9721f7d\" data-element_type=\"widget\" data-widget_type=\"heading.default\">\n\t\t\t\t<div class=\"elementor-widget-container\">\n\t\t\t\t\t<h2 class=\"elementor-heading-title elementor-size-default\">CARE<\/h2>\t\t\t\t<\/div>\n\t\t\t\t<\/div>\n\t\t\t\t<div class=\"elementor-element elementor-element-604d2a4 elementor-widget elementor-widget-heading\" data-id=\"604d2a4\" data-element_type=\"widget\" data-widget_type=\"heading.default\">\n\t\t\t\t<div class=\"elementor-widget-container\">\n\t\t\t\t\t<h2 class=\"elementor-heading-title elementor-size-default\">Priority cleaning of the oral cavity, constant brushing, cleaning of intraoral wounds, oral antibiotics for 15 days, care of intraoral wounds<\/h2>\t\t\t\t<\/div>\n\t\t\t\t<\/div>\n\t\t\t\t<\/div>\n\t\t<div class=\"elementor-element elementor-element-b24dcd5 e-con-full e-flex e-con e-child\" data-id=\"b24dcd5\" data-element_type=\"container\">\n\t\t\t\t<div class=\"elementor-element elementor-element-60f365a elementor-widget elementor-widget-image\" data-id=\"60f365a\" data-element_type=\"widget\" data-widget_type=\"image.default\">\n\t\t\t\t<div class=\"elementor-widget-container\">\n\t\t\t\t\t\t\t\t\t\t\t\t\t\t\t<img decoding=\"async\" width=\"357\" height=\"409\" src=\"https:\/\/radianceplasticsurgery.co\/wp-content\/uploads\/2025\/05\/icono-Anestesia.svg\" class=\"attachment-full size-full wp-image-13319\" alt=\"\" \/>\t\t\t\t\t\t\t\t\t\t\t\t\t\t\t<\/div>\n\t\t\t\t<\/div>\n\t\t\t\t<div class=\"elementor-element elementor-element-9ae0694 elementor-widget elementor-widget-heading\" data-id=\"9ae0694\" data-element_type=\"widget\" data-widget_type=\"heading.default\">\n\t\t\t\t<div class=\"elementor-widget-container\">\n\t\t\t\t\t<h2 class=\"elementor-heading-title elementor-size-default\">ANESTHESIA<\/h2>\t\t\t\t<\/div>\n\t\t\t\t<\/div>\n\t\t\t\t<div class=\"elementor-element elementor-element-06424a9 elementor-widget elementor-widget-heading\" data-id=\"06424a9\" data-element_type=\"widget\" data-widget_type=\"heading.default\">\n\t\t\t\t<div class=\"elementor-widget-container\">\n\t\t\t\t\t<h2 class=\"elementor-heading-title elementor-size-default\">General<\/h2>\t\t\t\t<\/div>\n\t\t\t\t<\/div>\n\t\t\t\t<\/div>\n\t\t\t\t<\/div>\n\t\t\t\t\t<\/div>\n\t\t\t\t<\/div>\n\t\t\t\t<div class=\"elementor-element elementor-element-4240d0c elementor-widget elementor-widget-text-editor\" data-id=\"4240d0c\" data-element_type=\"widget\" data-widget_type=\"text-editor.default\">\n\t\t\t\t<div class=\"elementor-widget-container\">\n\t\t\t\t\t\t\t\t\t<p><span style=\"font-weight: 400;\">It involves bringing harmony to the face, masculinizing or feminizing it, and changing its proportions with the use of facial implants. Among these is mentoplasty, which consists of giving projection and volume to the chin with a facial implant.<\/span><span style=\"font-weight: 400;\"><br \/><\/span><\/p>\t\t\t\t\t\t\t\t<\/div>\n\t\t\t\t<\/div>\n\t\t\t\t<div class=\"elementor-element elementor-element-a57f2a7 elementor-widget elementor-widget-text-editor\" data-id=\"a57f2a7\" data-element_type=\"widget\" data-widget_type=\"text-editor.default\">\n\t\t\t\t<div class=\"elementor-widget-container\">\n\t\t\t\t\t\t\t\t\t<p>With this procedure we seek to solve<span style=\"font-weight: 400;\">facial symmetry, very thin or unharmonious faces.<\/span><\/p>\t\t\t\t\t\t\t\t<\/div>\n\t\t\t\t<\/div>\n\t\t\t\t\t<\/div>\n\t\t<\/div>\n\t\t\t\t\t<\/div>\n\t\t<\/section>\n\t\t\t\t<\/div>","protected":false},"excerpt":{"rendered":"<p>Facial Harmonization Contact This consists of the placement of facial implants to improve facial symmetry and harmony, masculinize or feminize, and define the mandibular or malar area. 30 days Initial recovery 3 months Total recovery CARE Priority cleaning of the oral cavity, regular brushing, cleaning of intraoral wounds, oral antibiotics for 15 days, care of [\u2026]<\/p>","protected":false},"author":1,"featured_media":0,"parent":9013,"menu_order":0,"comment_status":"closed","ping_status":"closed","template":"","meta":{"footnotes":""},"class_list":["post-13545","page","type-page","status-publish","hentry"],"yoast_head":"<!-- This site is optimized with the Yoast SEO plugin v26.5 - https:\/\/yoast.com\/wordpress\/plugins\/seo\/ -->\n<title>Procedimiento Armonizaci\u00f3n Facial - Radiance Plastic Surgery<\/title>\n<meta name=\"robots\" content=\"index, follow, max-snippet:-1, max-image-preview:large, max-video-preview:-1\" \/>\n<link rel=\"canonical\" href=\"https:\/\/radianceplasticsurgery.co\/en\/about-pages\/procedimiento-armonizacion-facial\/\" \/>\n<meta property=\"og:locale\" content=\"en_US\" \/>\n<meta property=\"og:type\" content=\"article\" \/>\n<meta property=\"og:title\" content=\"Procedimiento Armonizaci\u00f3n Facial - Radiance Plastic Surgery\" \/>\n<meta property=\"og:description\" content=\"Armonizaci\u00f3n Facial Contactar Consiste en la colocaci\u00f3n de implantes facialespara mejorar la simetr\u00eda facial y la armonizaci\u00f3n, masculiniza o feminiza, define el \u00e1rea mandibular o malar. 30 d\u00edas Recuperaci\u00f3n inicial 3 Meses Recuperaci\u00f3n total CUIDADOS Limpieza prioritaria de la cavidad oral, cepillado constante, limpieza de heridas intraorales, antibi\u00f3tico via oral por 15 dias, cuidado de [&hellip;]\" \/>\n<meta property=\"og:url\" content=\"https:\/\/radianceplasticsurgery.co\/en\/about-pages\/procedimiento-armonizacion-facial\/\" \/>\n<meta property=\"og:site_name\" content=\"Radiance Plastic Surgery\" \/>\n<meta property=\"article:publisher\" content=\"https:\/\/www.facebook.com\/Radianceplasticsurgeryco\" \/>\n<meta property=\"article:modified_time\" content=\"2026-03-05T16:12:24+00:00\" \/>\n<meta property=\"og:image\" content=\"https:\/\/radianceplasticsurgery.co\/wp-content\/uploads\/2026\/03\/WhatsApp-Image-2026-03-05-at-11.04.48-AM.jpeg\" \/>\n<meta name=\"twitter:card\" content=\"summary_large_image\" \/>\n<meta name=\"twitter:label1\" content=\"Est. reading time\" \/>\n\t<meta name=\"twitter:data1\" content=\"2 minutes\" \/>\n<script type=\"application\/ld+json\" class=\"yoast-schema-graph\">{\"@context\":\"https:\/\/schema.org\",\"@graph\":[{\"@type\":\"WebPage\",\"@id\":\"https:\/\/radianceplasticsurgery.co\/about-pages\/procedimiento-armonizacion-facial\/\",\"url\":\"https:\/\/radianceplasticsurgery.co\/about-pages\/procedimiento-armonizacion-facial\/\",\"name\":\"Procedimiento Armonizaci\u00f3n Facial - Radiance Plastic Surgery\",\"isPartOf\":{\"@id\":\"https:\/\/radianceplasticsurgery.co\/#website\"},\"primaryImageOfPage\":{\"@id\":\"https:\/\/radianceplasticsurgery.co\/about-pages\/procedimiento-armonizacion-facial\/#primaryimage\"},\"image\":{\"@id\":\"https:\/\/radianceplasticsurgery.co\/about-pages\/procedimiento-armonizacion-facial\/#primaryimage\"},\"thumbnailUrl\":\"https:\/\/radianceplasticsurgery.co\/wp-content\/uploads\/2026\/03\/WhatsApp-Image-2026-03-05-at-11.04.48-AM.jpeg\",\"datePublished\":\"2025-05-29T16:10:57+00:00\",\"dateModified\":\"2026-03-05T16:12:24+00:00\",\"breadcrumb\":{\"@id\":\"https:\/\/radianceplasticsurgery.co\/about-pages\/procedimiento-armonizacion-facial\/#breadcrumb\"},\"inLanguage\":\"en-US\",\"potentialAction\":[{\"@type\":\"ReadAction\",\"target\":[\"https:\/\/radianceplasticsurgery.co\/about-pages\/procedimiento-armonizacion-facial\/\"]}]},{\"@type\":\"ImageObject\",\"inLanguage\":\"en-US\",\"@id\":\"https:\/\/radianceplasticsurgery.co\/about-pages\/procedimiento-armonizacion-facial\/#primaryimage\",\"url\":\"https:\/\/radianceplasticsurgery.co\/wp-content\/uploads\/2026\/03\/WhatsApp-Image-2026-03-05-at-11.04.48-AM.jpeg\",\"contentUrl\":\"https:\/\/radianceplasticsurgery.co\/wp-content\/uploads\/2026\/03\/WhatsApp-Image-2026-03-05-at-11.04.48-AM.jpeg\"},{\"@type\":\"BreadcrumbList\",\"@id\":\"https:\/\/radianceplasticsurgery.co\/about-pages\/procedimiento-armonizacion-facial\/#breadcrumb\",\"itemListElement\":[{\"@type\":\"ListItem\",\"position\":1,\"name\":\"Inicio\",\"item\":\"https:\/\/radianceplasticsurgery.co\/\"},{\"@type\":\"ListItem\",\"position\":2,\"name\":\"ABOUT PAGES\",\"item\":\"https:\/\/radianceplasticsurgery.co\/about-pages\/\"},{\"@type\":\"ListItem\",\"position\":3,\"name\":\"Procedimiento Armonizaci\u00f3n Facial\"}]},{\"@type\":\"WebSite\",\"@id\":\"https:\/\/radianceplasticsurgery.co\/#website\",\"url\":\"https:\/\/radianceplasticsurgery.co\/\",\"name\":\"Radiance Plastic Surgery\",\"description\":\"\",\"publisher\":{\"@id\":\"https:\/\/radianceplasticsurgery.co\/#organization\"},\"potentialAction\":[{\"@type\":\"SearchAction\",\"target\":{\"@type\":\"EntryPoint\",\"urlTemplate\":\"https:\/\/radianceplasticsurgery.co\/?s={search_term_string}\"},\"query-input\":{\"@type\":\"PropertyValueSpecification\",\"valueRequired\":true,\"valueName\":\"search_term_string\"}}],\"inLanguage\":\"en-US\"},{\"@type\":\"Organization\",\"@id\":\"https:\/\/radianceplasticsurgery.co\/#organization\",\"name\":\"Radiance Plastic Surgery\",\"url\":\"https:\/\/radianceplasticsurgery.co\/\",\"logo\":{\"@type\":\"ImageObject\",\"inLanguage\":\"en-US\",\"@id\":\"https:\/\/radianceplasticsurgery.co\/#\/schema\/logo\/image\/\",\"url\":\"https:\/\/radianceplasticsurgery.co\/wp-content\/uploads\/2025\/05\/Carrusel-logo-2-min.jpg\",\"contentUrl\":\"https:\/\/radianceplasticsurgery.co\/wp-content\/uploads\/2025\/05\/Carrusel-logo-2-min.jpg\",\"width\":519,\"height\":428,\"caption\":\"Radiance Plastic Surgery\"},\"image\":{\"@id\":\"https:\/\/radianceplasticsurgery.co\/#\/schema\/logo\/image\/\"},\"sameAs\":[\"https:\/\/www.facebook.com\/Radianceplasticsurgeryco\",\"https:\/\/www.instagram.com\/radiance_colombia\/\"]}]}<\/script>\n<!-- \/ Yoast SEO plugin. -->","yoast_head_json":{"title":"Facial Harmonization Procedure - Radiance Plastic Surgery","robots":{"index":"index","follow":"follow","max-snippet":"max-snippet:-1","max-image-preview":"max-image-preview:large","max-video-preview":"max-video-preview:-1"},"canonical":"https:\/\/radianceplasticsurgery.co\/en\/about-pages\/procedimiento-armonizacion-facial\/","og_locale":"en_US","og_type":"article","og_title":"Procedimiento Armonizaci\u00f3n Facial - Radiance Plastic Surgery","og_description":"Armonizaci\u00f3n Facial Contactar Consiste en la colocaci\u00f3n de implantes facialespara mejorar la simetr\u00eda facial y la armonizaci\u00f3n, masculiniza o feminiza, define el \u00e1rea mandibular o malar. 30 d\u00edas Recuperaci\u00f3n inicial 3 Meses Recuperaci\u00f3n total CUIDADOS Limpieza prioritaria de la cavidad oral, cepillado constante, limpieza de heridas intraorales, antibi\u00f3tico via oral por 15 dias, cuidado de [&hellip;]","og_url":"https:\/\/radianceplasticsurgery.co\/en\/about-pages\/procedimiento-armonizacion-facial\/","og_site_name":"Radiance Plastic Surgery","article_publisher":"https:\/\/www.facebook.com\/Radianceplasticsurgeryco","article_modified_time":"2026-03-05T16:12:24+00:00","og_image":[{"url":"https:\/\/radianceplasticsurgery.co\/wp-content\/uploads\/2026\/03\/WhatsApp-Image-2026-03-05-at-11.04.48-AM.jpeg","type":"","width":"","height":""}],"twitter_card":"summary_large_image","twitter_misc":{"Est. reading time":"2 minutes"},"schema":{"@context":"https:\/\/schema.org","@graph":[{"@type":"WebPage","@id":"https:\/\/radianceplasticsurgery.co\/about-pages\/procedimiento-armonizacion-facial\/","url":"https:\/\/radianceplasticsurgery.co\/about-pages\/procedimiento-armonizacion-facial\/","name":"Facial Harmonization Procedure - Radiance Plastic Surgery","isPartOf":{"@id":"https:\/\/radianceplasticsurgery.co\/#website"},"primaryImageOfPage":{"@id":"https:\/\/radianceplasticsurgery.co\/about-pages\/procedimiento-armonizacion-facial\/#primaryimage"},"image":{"@id":"https:\/\/radianceplasticsurgery.co\/about-pages\/procedimiento-armonizacion-facial\/#primaryimage"},"thumbnailUrl":"https:\/\/radianceplasticsurgery.co\/wp-content\/uploads\/2026\/03\/WhatsApp-Image-2026-03-05-at-11.04.48-AM.jpeg","datePublished":"2025-05-29T16:10:57+00:00","dateModified":"2026-03-05T16:12:24+00:00","breadcrumb":{"@id":"https:\/\/radianceplasticsurgery.co\/about-pages\/procedimiento-armonizacion-facial\/#breadcrumb"},"inLanguage":"en-US","potentialAction":[{"@type":"ReadAction","target":["https:\/\/radianceplasticsurgery.co\/about-pages\/procedimiento-armonizacion-facial\/"]}]},{"@type":"ImageObject","inLanguage":"en-US","@id":"https:\/\/radianceplasticsurgery.co\/about-pages\/procedimiento-armonizacion-facial\/#primaryimage","url":"https:\/\/radianceplasticsurgery.co\/wp-content\/uploads\/2026\/03\/WhatsApp-Image-2026-03-05-at-11.04.48-AM.jpeg","contentUrl":"https:\/\/radianceplasticsurgery.co\/wp-content\/uploads\/2026\/03\/WhatsApp-Image-2026-03-05-at-11.04.48-AM.jpeg"},{"@type":"BreadcrumbList","@id":"https:\/\/radianceplasticsurgery.co\/about-pages\/procedimiento-armonizacion-facial\/#breadcrumb","itemListElement":[{"@type":"ListItem","position":1,"name":"Inicio","item":"https:\/\/radianceplasticsurgery.co\/"},{"@type":"ListItem","position":2,"name":"ABOUT PAGES","item":"https:\/\/radianceplasticsurgery.co\/about-pages\/"},{"@type":"ListItem","position":3,"name":"Procedimiento Armonizaci\u00f3n Facial"}]},{"@type":"WebSite","@id":"https:\/\/radianceplasticsurgery.co\/#website","url":"https:\/\/radianceplasticsurgery.co\/","name":"Radiance Plastic Surgery","description":"","publisher":{"@id":"https:\/\/radianceplasticsurgery.co\/#organization"},"potentialAction":[{"@type":"SearchAction","target":{"@type":"EntryPoint","urlTemplate":"https:\/\/radianceplasticsurgery.co\/?s={search_term_string}"},"query-input":{"@type":"PropertyValueSpecification","valueRequired":true,"valueName":"search_term_string"}}],"inLanguage":"en-US"},{"@type":"Organization","@id":"https:\/\/radianceplasticsurgery.co\/#organization","name":"Radiance Plastic Surgery","url":"https:\/\/radianceplasticsurgery.co\/","logo":{"@type":"ImageObject","inLanguage":"en-US","@id":"https:\/\/radianceplasticsurgery.co\/#\/schema\/logo\/image\/","url":"https:\/\/radianceplasticsurgery.co\/wp-content\/uploads\/2025\/05\/Carrusel-logo-2-min.jpg","contentUrl":"https:\/\/radianceplasticsurgery.co\/wp-content\/uploads\/2025\/05\/Carrusel-logo-2-min.jpg","width":519,"height":428,"caption":"Radiance Plastic Surgery"},"image":{"@id":"https:\/\/radianceplasticsurgery.co\/#\/schema\/logo\/image\/"},"sameAs":["https:\/\/www.facebook.com\/Radianceplasticsurgeryco","https:\/\/www.instagram.com\/radiance_colombia\/"]}]}},"_links":{"self":[{"href":"https:\/\/radianceplasticsurgery.co\/en\/wp-json\/wp\/v2\/pages\/13545","targetHints":{"allow":["GET"]}}],"collection":[{"href":"https:\/\/radianceplasticsurgery.co\/en\/wp-json\/wp\/v2\/pages"}],"about":[{"href":"https:\/\/radianceplasticsurgery.co\/en\/wp-json\/wp\/v2\/types\/page"}],"author":[{"embeddable":true,"href":"https:\/\/radianceplasticsurgery.co\/en\/wp-json\/wp\/v2\/users\/1"}],"replies":[{"embeddable":true,"href":"https:\/\/radianceplasticsurgery.co\/en\/wp-json\/wp\/v2\/comments?post=13545"}],"version-history":[{"count":25,"href":"https:\/\/radianceplasticsurgery.co\/en\/wp-json\/wp\/v2\/pages\/13545\/revisions"}],"predecessor-version":[{"id":13957,"href":"https:\/\/radianceplasticsurgery.co\/en\/wp-json\/wp\/v2\/pages\/13545\/revisions\/13957"}],"up":[{"embeddable":true,"href":"https:\/\/radianceplasticsurgery.co\/en\/wp-json\/wp\/v2\/pages\/9013"}],"wp:attachment":[{"href":"https:\/\/radianceplasticsurgery.co\/en\/wp-json\/wp\/v2\/media?parent=13545"}],"curies":[{"name":"wp","href":"https:\/\/api.w.org\/{rel}","templated":true}]}}